{"id":1086,"date":"2024-08-09T12:00:34","date_gmt":"2024-08-09T12:00:34","guid":{"rendered":"https:\/\/blueseal-aircurtains.com\/produkte\/bluecontrol"},"modified":"2025-10-27T12:16:16","modified_gmt":"2025-10-27T12:16:16","slug":"bluecontrol","status":"publish","type":"page","link":"https:\/\/blueseal-aircurtains.com\/de\/produkte\/bluecontrol\/","title":{"rendered":"BlueControl"},"content":{"rendered":"<div class=\"wpb-content-wrapper\"><p>[vc_row css_animation=&#8220;&#8220; row_type=&#8220;row&#8220; use_row_as_full_screen_section=&#8220;no&#8220; type=&#8220;full_width&#8220; angled_section=&#8220;no&#8220; text_align=&#8220;left&#8220; background_image_as_pattern=&#8220;without_pattern&#8220; z_index=&#8220;&#8220;][vc_column][vc_row_inner row_type=&#8220;row&#8220; type=&#8220;grid&#8220; text_align=&#8220;center&#8220; css_animation=&#8220;&#8220;][vc_column_inner width=&#8220;1\/12&#8243;][\/vc_column_inner][vc_column_inner width=&#8220;10\/12&#8243;][vc_text_separator title=&#8220;Abstand &#8211; M&#8220; border=&#8220;no&#8220; el_class=&#8220;spacing-medium&#8220;][vc_column_text css=&#8220;&#8220;]<\/p>\n<h3>BlueControl<\/h3>\n<p>[\/vc_column_text][vc_empty_space height=&#8220;30px&#8220;][vc_column_text css=&#8220;&#8220;]<\/p>\n<h2>BlueControl weist die Fahrer auf die Zeitpanne hin, \u00fcber die die Fahrzeugt\u00fcren w\u00e4hrend der Auslieferung ge\u00f6ffnet sind. Jetzt als integrierte oder modulare Option f\u00fcr BlueSeal-Luftschleier erh\u00e4ltlich.<\/h2>\n<p>[\/vc_column_text][vc_empty_space height=&#8220;30px&#8220;][vc_column_text css=&#8220;&#8220;]Mit einer LED-Anzeige, die die Dauer der T\u00fcr\u00f6ffnungen anzeigt, motiviert BlueControl die Fahrer, die Zeit zu verk\u00fcrzen, in der die Ladung den Au\u00dfentemperaturen ausgesetzt ist. Durch die verk\u00fcrzte T\u00fcr-\u00d6ffnungszeit k\u00f6nnen die BlueSeal-Luftschleier den Temperaturverlust effektiver kontrollieren, was zu einer besseren Produktkonservierung und einer Verringerung des K\u00fchlkraftstoffverbrauchs f\u00fchrt.<\/p>\n<p>&nbsp;<\/p>\n<p>BlueControl erleichtert den Aufbauherstellern auch die Installation, da der Luftschleier direkt an die Fahrzeugbatterie angeschlossen werden kann. Das wiederum reduziert die Installationszeit f\u00fcr Fahrzeug-Hersteller und -Ausbauer erheblich. Die Lebensdauer der Fahrzeugbatterie wird mit einer integrierten Batterie-Kontroll-Funktion \u00fcberwacht, die den Luftschleier ausschaltet, wenn die Spannung unter einen bestimmten, vom Benutzer festgelegten Wert f\u00e4llt, um ein Entladen der Batterie zu verhindern.<\/p>\n<p>&nbsp;<\/p>\n<p>Die Ger\u00e4te verf\u00fcgen au\u00dferdem \u00fcber einen integrierten Lichtsensor und Optionen f\u00fcr einen externen Magnetschalter und einen Infrarotsensor, die dem Ger\u00e4t helfen, T\u00fcr\u00f6ffnungen in jeder m\u00f6glichen Situation zu erkennen.[\/vc_column_text][vc_text_separator title=&#8220;Abstand &#8211; M&#8220; border=&#8220;no&#8220; el_class=&#8220;spacing-medium&#8220;][\/vc_column_inner][vc_column_inner width=&#8220;1\/12&#8243;][\/vc_column_inner][\/vc_row_inner][\/vc_column][\/vc_row][vc_row css_animation=&#8220;&#8220; row_type=&#8220;row&#8220; use_row_as_full_screen_section=&#8220;no&#8220; type=&#8220;full_width&#8220; angled_section=&#8220;no&#8220; text_align=&#8220;left&#8220; background_image_as_pattern=&#8220;without_pattern&#8220; z_index=&#8220;&#8220; padding_top=&#8220;60&#8243; padding_bottom=&#8220;60&#8243; background_color=&#8220;#f7f7f7&#8243;][vc_column][vc_row_inner row_type=&#8220;row&#8220; type=&#8220;grid&#8220; text_align=&#8220;center&#8220; css_animation=&#8220;&#8220; el_class=&#8220;fixed-button-width&#8220;][vc_column_inner width=&#8220;1\/12&#8243;][\/vc_column_inner][vc_column_inner width=&#8220;10\/12&#8243;][vc_column_text css=&#8220;&#8220;]<strong>Technische Details und Spezifikationen<\/strong>[\/vc_column_text][vc_empty_space height=&#8220;20px&#8220;]<a  itemprop=\"url\" href=\"\/wp-content\/uploads\/2024\/12\/BlueControl_Integrated_spec_DE.pdf\" target=\"_blank\"  class=\"qbutton  default\" style=\"margin: 10px; \">BlueControl integriert<i class=\"qode_icon_font_awesome fa fa-file-pdf-o qode_button_icon_element\" style=\"\" ><\/i><\/a><a  itemprop=\"url\" href=\"\/wp-content\/uploads\/2024\/12\/BlueControl_Modular_spec_DE.pdf\" target=\"_blank\"  class=\"qbutton  default\" style=\"margin: 10px; \">BlueControl Modular<i class=\"qode_icon_font_awesome fa fa-file-pdf-o qode_button_icon_element\" style=\"\" ><\/i><\/a>[\/vc_column_inner][vc_column_inner width=&#8220;1\/12&#8243;][\/vc_column_inner][\/vc_row_inner][\/vc_column][\/vc_row][vc_row css_animation=&#8220;&#8220; row_type=&#8220;row&#8220; use_row_as_full_screen_section=&#8220;no&#8220; type=&#8220;grid&#8220; angled_section=&#8220;no&#8220; text_align=&#8220;center&#8220; background_image_as_pattern=&#8220;without_pattern&#8220; z_index=&#8220;&#8220; el_class=&#8220;center-text dark-section&#8220; background_color=&#8220;#090e1f&#8220; padding_top=&#8220;100&#8243; padding_bottom=&#8220;100&#8243;][vc_column][vc_row_inner row_type=&#8220;row&#8220; type=&#8220;full_width&#8220; text_align=&#8220;center&#8220; css_animation=&#8220;&#8220;][vc_column_inner][vc_column_text css=&#8220;&#8220; el_class=&#8220;gradient-text&#8220;]<\/p>\n<h2>Erh\u00e4ltlich als<\/h2>\n<p>[\/vc_column_text][\/vc_column_inner][\/vc_row_inner][vc_row_inner row_type=&#8220;row&#8220; type=&#8220;full_width&#8220; text_align=&#8220;left&#8220; css_animation=&#8220;&#8220; padding_top=&#8220;60&#8243;][vc_column_inner width=&#8220;1\/2&#8243;][vc_column_text css=&#8220;&#8220;]<\/p>\n<h3 style=\"text-align: center;\">BlueControl Integriert<\/h3>\n<p>[\/vc_column_text][vc_empty_space height=&#8220;30px&#8220;][vc_single_image image=&#8220;508&#8243; img_size=&#8220;full&#8220; css=&#8220;&#8220; qode_css_animation=&#8220;&#8220;][vc_empty_space height=&#8220;30px&#8220;][vc_column_text css=&#8220;&#8220;]BlueSeal Original ist mit einer integrierten BlueControl-Einheit lieferbar, um die Installation zu beschleunigen und die Fahrer \u00fcber die Zeit zu informieren, in der die T\u00fcren ge\u00f6ffnet waren. Bietet benutzerfreundliche Funktionen und einen eingebauten Lichtsensor zur Erkennung ge\u00f6ffneter T\u00fcren.[\/vc_column_text][vc_empty_space height=&#8220;60px&#8220;][\/vc_column_inner][vc_column_inner width=&#8220;1\/2&#8243;][vc_column_text css=&#8220;&#8220;]<\/p>\n<h3 style=\"text-align: center;\">BlueControl Modular<\/h3>\n<p>[\/vc_column_text][vc_empty_space height=&#8220;30px&#8220;][vc_single_image image=&#8220;509&#8243; img_size=&#8220;full&#8220; css=&#8220;&#8220; qode_css_animation=&#8220;&#8220;][vc_empty_space height=&#8220;30px&#8220;][vc_column_text css=&#8220;&#8220;]BlueControl ist auch als separate Moduleinheit sowohl f\u00fcr die Modelle Original als auch Compact lieferbar. BlueControl Modular ist BlueSmart-f\u00e4hig, mit automatisch einstellbarem Luftstrom, der in naher Zukunft als Peripheranbauger\u00e4t erh\u00e4ltlich sein wird, das leicht in das Ger\u00e4t eingebaut werden kann.[\/vc_column_text][vc_empty_space height=&#8220;60px&#8220;][\/vc_column_inner][\/vc_row_inner][\/vc_column][\/vc_row][vc_row css_animation=&#8220;&#8220; row_type=&#8220;row&#8220; use_row_as_full_screen_section=&#8220;no&#8220; type=&#8220;grid&#8220; angled_section=&#8220;no&#8220; text_align=&#8220;left&#8220; background_image_as_pattern=&#8220;without_pattern&#8220; z_index=&#8220;&#8220; background_color=&#8220;#f7f7f7&#8243; padding_top=&#8220;100&#8243; padding_bottom=&#8220;100&#8243;][vc_column][vc_row_inner row_type=&#8220;row&#8220; type=&#8220;full_width&#8220; text_align=&#8220;center&#8220; css_animation=&#8220;&#8220; el_class=&#8220;center-text&#8220;][vc_column_inner][vc_column_text css=&#8220;&#8220; el_class=&#8220;gradient-text&#8220;]<\/p>\n<h2><span class=\"TextRun SCXW100816644 BCX0\" lang=\"EN-GB\" xml:lang=\"EN-GB\" data-contrast=\"auto\"><span class=\"NormalTextRun SCXW100816644 BCX0\">Wie <\/span><span class=\"NormalTextRun SCXW100816644 BCX0\">BlueSeal<\/span><span class=\"NormalTextRun SCXW100816644 BCX0\"> funktioniert<\/span><\/span><\/h2>\n<p>[\/vc_column_text][\/vc_column_inner][\/vc_row_inner][vc_row_inner row_type=&#8220;row&#8220; type=&#8220;full_width&#8220; text_align=&#8220;left&#8220; css_animation=&#8220;&#8220; el_class=&#8220;process-with-title&#8220;][vc_column_inner]<div class=\"qode-numbered-process-holder qode-numbered-process-holder-items-three qodef-np-padding-medium qode-np-line-solid\">\n\t<div class=\"qode-numbered-process-inner\">\n\t\t<div class=\"qode-np-item\">\n\t<div class=\"qode-np-item-image-holder\">\n\t\t\t\t\t<div class=\"qode-np-item-image-inner\" >\n\t\t\t\t<div class=\"qode-np-item-image-table\">\n\t\t\t\t\t<div class=\"qode-np-item-image-table-cell\">\n\t\t\t\t\t\t<img decoding=\"async\" src=\"https:\/\/blueseal-aircurtains.com\/wp-content\/uploads\/2024\/07\/1-clicktofit.jpg\" alt=\"qode-np-item\"\/>\n\t\t\t\t\t<\/div>\n\t\t\t\t<\/div>\n\t\t\t\t\t\t\t\t\t<span class=\"qode-np-item-number\" >Einfache Installation<\/span>\n\t\t\t\t\t\t\t<\/div>\n\t\t\t\t\t\t<span class=\"qode-np-line\"><\/span>\n\t<\/div>\n\t\t\t<h4 class=\"qode-np-title\" >\n\t\t\tBlueSeal kann problemlos in jedem neuen oder bestehenden Fahrzeug installiert werden, indem ein Klicksystem an einer Montageplatte an der Decke des Fahrzeugs befestigt wird. Diese k\u00f6nnen sowohl \u00fcber hinteren Ladet\u00fcren als auch seitlichen T\u00fcren angebracht werden und k\u00f6nnen nach Ihren Vorgaben gebaut werden.\t\t<\/h4>\n\t<\/div><div class=\"qode-np-item\">\n\t<div class=\"qode-np-item-image-holder\">\n\t\t\t\t\t<div class=\"qode-np-item-image-inner\" >\n\t\t\t\t<div class=\"qode-np-item-image-table\">\n\t\t\t\t\t<div class=\"qode-np-item-image-table-cell\">\n\t\t\t\t\t\t<img decoding=\"async\" src=\"https:\/\/blueseal-aircurtains.com\/wp-content\/uploads\/2024\/07\/2-coldbarrier.jpg\" alt=\"qode-np-item\"\/>\n\t\t\t\t\t<\/div>\n\t\t\t\t<\/div>\n\t\t\t\t\t\t\t\t\t<span class=\"qode-np-item-number\" >Verbesserte Klimatisierung<\/span>\n\t\t\t\t\t\t\t<\/div>\n\t\t\t\t\t\t<span class=\"qode-np-line\"><\/span>\n\t<\/div>\n\t\t\t<h4 class=\"qode-np-title\" >\n\t\t\tW\u00e4hrend des Be- und Entladens wird BlueSeal automatisch aktiviert. Luft wird von BlueSeal angesaugt und in einen vertikalen Luftschleier umgewandelt, der die K\u00e4lte im Inneren des Anh\u00e4ngers von der Umgebungstemperatur (w\u00e4rmer) au\u00dferhalb des Fahrzeugs trennt. Insekten, Staub und feuchte Luft werden ebenfalls daran gehindert, in das Fahrzeug einzudringen.\t\t<\/h4>\n\t<\/div><div class=\"qode-np-item\">\n\t<div class=\"qode-np-item-image-holder\">\n\t\t\t\t\t<div class=\"qode-np-item-image-inner\" >\n\t\t\t\t<div class=\"qode-np-item-image-table\">\n\t\t\t\t\t<div class=\"qode-np-item-image-table-cell\">\n\t\t\t\t\t\t<img decoding=\"async\" src=\"https:\/\/blueseal-aircurtains.com\/wp-content\/uploads\/2024\/07\/blueseal_vanairflow.jpg\" alt=\"qode-np-item\"\/>\n\t\t\t\t\t<\/div>\n\t\t\t\t<\/div>\n\t\t\t\t\t\t\t\t\t<span class=\"qode-np-item-number\" >H\u00e4lt Waren frisch<\/span>\n\t\t\t\t\t\t\t<\/div>\n\t\t\t\t\t\t<span class=\"qode-np-line\"><\/span>\n\t<\/div>\n\t\t\t<h4 class=\"qode-np-title\" >\n\t\t\tKalte Luft wird w\u00e4hrend der T\u00fcr\u00f6ffnungen im Inneren des Fahrzeugs gehalten, wodurch die Integrit\u00e4t der temperaturgesteuerten Waren erhalten bleibt. Die Temperatur im Laderaum steigt mit einem Luftschleier w\u00e4hrend der T\u00fcr\u00f6ffnungen deutlich langsamer an als mit PVC-Streifen.\t\t<\/h4>\n\t<\/div>\t<\/div>\n<\/div>[\/vc_column_inner][\/vc_row_inner][vc_text_separator title=&#8220;Abstand &#8211; M&#8220; border=&#8220;no&#8220; el_class=&#8220;spacing-medium&#8220;][\/vc_column][\/vc_row][vc_row css_animation=&#8220;&#8220; row_type=&#8220;row&#8220; use_row_as_full_screen_section=&#8220;no&#8220; type=&#8220;full_width&#8220; angled_section=&#8220;no&#8220; text_align=&#8220;left&#8220; background_image_as_pattern=&#8220;without_pattern&#8220;][vc_column]<div class=\"call_to_action normal\" style=\"\"><div class=\"container_inner\"><div class=\"two_columns_75_25 clearfix\"><div class=\"text_wrapper column1\"><div class=\"call_to_action_text \" style=\"\"><strong>M\u00f6chten Sie mehr \u00fcber BlueSeal-Luftschleier erfahren?<\/strong><\/div><\/div><div class=\"button_wrapper column2\"><a itemprop=\"url\" href=\"\/contact\" class=\"qbutton white \" target=\"_self\" style=\"\" >Kontakt aufnehmen<\/a><\/div><\/div><\/div><\/div>[\/vc_column][\/vc_row]<\/p>\n<\/div>","protected":false},"excerpt":{"rendered":"<p>[vc_row css_animation=&#8220;&#8220; row_type=&#8220;row&#8220; use_row_as_full_screen_section=&#8220;no&#8220; type=&#8220;full_width&#8220; angled_section=&#8220;no&#8220; text_align=&#8220;left&#8220; background_image_as_pattern=&#8220;without_pattern&#8220; z_index=&#8220;&#8220;][vc_column][vc_row_inner row_type=&#8220;row&#8220; type=&#8220;grid&#8220; text_align=&#8220;center&#8220; css_animation=&#8220;&#8220;][vc_column_inner width=&#8220;1\/12&#8243;][\/vc_column_inner][vc_column_inner width=&#8220;10\/12&#8243;][vc_text_separator title=&#8220;Abstand &#8211; M&#8220; border=&#8220;no&#8220; el_class=&#8220;spacing-medium&#8220;][vc_column_text css=&#8220;&#8220;] BlueControl [\/vc_column_text][vc_empty_space height=&#8220;30px&#8220;][vc_column_text css=&#8220;&#8220;] BlueControl weist die Fahrer auf die Zeitpanne hin, \u00fcber die die Fahrzeugt\u00fcren w\u00e4hrend der Auslieferung ge\u00f6ffnet sind. Jetzt als integrierte&#8230;<\/p>\n","protected":false},"author":2,"featured_media":0,"parent":1068,"menu_order":0,"comment_status":"closed","ping_status":"closed","template":"full_width.php","meta":{"inline_featured_image":false,"footnotes":""},"class_list":["post-1086","page","type-page","status-publish","hentry"],"acf":[],"yoast_head":"<!-- This site is optimized with the Yoast SEO plugin v27.5 - https:\/\/yoast.com\/product\/yoast-seo-wordpress\/ -->\n<title>Verbesserte Steuerung f\u00fcr BlueSeal-Luftvorh\u00e4nge<\/title>\n<meta name=\"description\" content=\"BlueControl erweitert die Funktion der BlueSeal Luftschleier. Es macht Fahrer auf die T\u00fcr-\u00d6ffnungszeit aufmerksam und vereinfacht die Installation.\" \/>\n<meta name=\"robots\" content=\"index, follow, max-snippet:-1, max-image-preview:large, max-video-preview:-1\" \/>\n<link rel=\"canonical\" href=\"https:\/\/blueseal-aircurtains.com\/de\/produkte\/bluecontrol\/\" \/>\n<meta property=\"og:locale\" content=\"de_DE\" \/>\n<meta property=\"og:type\" content=\"article\" \/>\n<meta property=\"og:title\" content=\"Verbesserte Steuerung f\u00fcr BlueSeal-Luftvorh\u00e4nge\" \/>\n<meta property=\"og:description\" content=\"BlueControl erweitert die Funktion der BlueSeal Luftschleier. Es macht Fahrer auf die T\u00fcr-\u00d6ffnungszeit aufmerksam und vereinfacht die Installation.\" \/>\n<meta property=\"og:url\" content=\"https:\/\/blueseal-aircurtains.com\/de\/produkte\/bluecontrol\/\" \/>\n<meta property=\"og:site_name\" content=\"BlueSeal air curtains by Brightec BV\" \/>\n<meta property=\"article:publisher\" content=\"https:\/\/www.facebook.com\/brightecbv\" \/>\n<meta property=\"article:modified_time\" content=\"2025-10-27T12:16:16+00:00\" \/>\n<meta property=\"og:image\" content=\"https:\/\/blueseal-aircurtains.com\/wp-content\/uploads\/2024\/11\/blueseal-compact.jpg\" \/>\n\t<meta property=\"og:image:width\" content=\"1920\" \/>\n\t<meta property=\"og:image:height\" content=\"1080\" \/>\n\t<meta property=\"og:image:type\" content=\"image\/jpeg\" \/>\n<meta name=\"twitter:card\" content=\"summary_large_image\" \/>\n<meta name=\"twitter:site\" content=\"@BrightecBv\" \/>\n<meta name=\"twitter:label1\" content=\"Gesch\u00e4tzte Lesezeit\" \/>\n\t<meta name=\"twitter:data1\" content=\"3\u00a0Minuten\" \/>\n<script type=\"application\/ld+json\" class=\"yoast-schema-graph\">{\"@context\":\"https:\\\/\\\/schema.org\",\"@graph\":[{\"@type\":\"NewsArticle\",\"@id\":\"https:\\\/\\\/blueseal-aircurtains.com\\\/de\\\/produkte\\\/bluecontrol\\\/#article\",\"isPartOf\":{\"@id\":\"https:\\\/\\\/blueseal-aircurtains.com\\\/de\\\/produkte\\\/bluecontrol\\\/\"},\"author\":{\"name\":\"dev\",\"@id\":\"https:\\\/\\\/blueseal-aircurtains.com\\\/de\\\/#\\\/schema\\\/person\\\/481bed41a6011e613bf2eb0f774101b4\"},\"headline\":\"BlueControl\",\"datePublished\":\"2024-08-09T12:00:34+00:00\",\"dateModified\":\"2025-10-27T12:16:16+00:00\",\"mainEntityOfPage\":{\"@id\":\"https:\\\/\\\/blueseal-aircurtains.com\\\/de\\\/produkte\\\/bluecontrol\\\/\"},\"wordCount\":1128,\"publisher\":{\"@id\":\"https:\\\/\\\/blueseal-aircurtains.com\\\/de\\\/#organization\"},\"inLanguage\":\"de\"},{\"@type\":\"WebPage\",\"@id\":\"https:\\\/\\\/blueseal-aircurtains.com\\\/de\\\/produkte\\\/bluecontrol\\\/\",\"url\":\"https:\\\/\\\/blueseal-aircurtains.com\\\/de\\\/produkte\\\/bluecontrol\\\/\",\"name\":\"Verbesserte Steuerung f\u00fcr BlueSeal-Luftvorh\u00e4nge\",\"isPartOf\":{\"@id\":\"https:\\\/\\\/blueseal-aircurtains.com\\\/de\\\/#website\"},\"datePublished\":\"2024-08-09T12:00:34+00:00\",\"dateModified\":\"2025-10-27T12:16:16+00:00\",\"description\":\"BlueControl erweitert die Funktion der BlueSeal Luftschleier. Es macht Fahrer auf die T\u00fcr-\u00d6ffnungszeit aufmerksam und vereinfacht die Installation.\",\"breadcrumb\":{\"@id\":\"https:\\\/\\\/blueseal-aircurtains.com\\\/de\\\/produkte\\\/bluecontrol\\\/#breadcrumb\"},\"inLanguage\":\"de\",\"potentialAction\":[{\"@type\":\"ReadAction\",\"target\":[\"https:\\\/\\\/blueseal-aircurtains.com\\\/de\\\/produkte\\\/bluecontrol\\\/\"]}]},{\"@type\":\"BreadcrumbList\",\"@id\":\"https:\\\/\\\/blueseal-aircurtains.com\\\/de\\\/produkte\\\/bluecontrol\\\/#breadcrumb\",\"itemListElement\":[{\"@type\":\"ListItem\",\"position\":1,\"name\":\"Home\",\"item\":\"https:\\\/\\\/blueseal-aircurtains.com\\\/de\\\/\"},{\"@type\":\"ListItem\",\"position\":2,\"name\":\"Produkte\",\"item\":\"https:\\\/\\\/blueseal-aircurtains.com\\\/de\\\/produkte\\\/\"},{\"@type\":\"ListItem\",\"position\":3,\"name\":\"BlueControl\"}]},{\"@type\":\"WebSite\",\"@id\":\"https:\\\/\\\/blueseal-aircurtains.com\\\/de\\\/#website\",\"url\":\"https:\\\/\\\/blueseal-aircurtains.com\\\/de\\\/\",\"name\":\"BlueSeal air curtains by Brightec BV\",\"description\":\"Air curtains for temperature controlled transport\",\"publisher\":{\"@id\":\"https:\\\/\\\/blueseal-aircurtains.com\\\/de\\\/#organization\"},\"alternateName\":\"Brightec B.V.\",\"potentialAction\":[{\"@type\":\"SearchAction\",\"target\":{\"@type\":\"EntryPoint\",\"urlTemplate\":\"https:\\\/\\\/blueseal-aircurtains.com\\\/de\\\/?s={search_term_string}\"},\"query-input\":{\"@type\":\"PropertyValueSpecification\",\"valueRequired\":true,\"valueName\":\"search_term_string\"}}],\"inLanguage\":\"de\"},{\"@type\":\"Organization\",\"@id\":\"https:\\\/\\\/blueseal-aircurtains.com\\\/de\\\/#organization\",\"name\":\"BlueSeal air curtains by Brightec BV\",\"alternateName\":\"Brightec B.V.\",\"url\":\"https:\\\/\\\/blueseal-aircurtains.com\\\/de\\\/\",\"logo\":{\"@type\":\"ImageObject\",\"inLanguage\":\"de\",\"@id\":\"https:\\\/\\\/blueseal-aircurtains.com\\\/de\\\/#\\\/schema\\\/logo\\\/image\\\/\",\"url\":\"https:\\\/\\\/blueseal-aircurtains.com\\\/wp-content\\\/uploads\\\/2024\\\/07\\\/blueseal-logo-colored.svg\",\"contentUrl\":\"https:\\\/\\\/blueseal-aircurtains.com\\\/wp-content\\\/uploads\\\/2024\\\/07\\\/blueseal-logo-colored.svg\",\"width\":240,\"height\":51,\"caption\":\"BlueSeal air curtains by Brightec BV\"},\"image\":{\"@id\":\"https:\\\/\\\/blueseal-aircurtains.com\\\/de\\\/#\\\/schema\\\/logo\\\/image\\\/\"},\"sameAs\":[\"https:\\\/\\\/www.facebook.com\\\/brightecbv\",\"https:\\\/\\\/x.com\\\/BrightecBv\"]},{\"@type\":\"Person\",\"@id\":\"https:\\\/\\\/blueseal-aircurtains.com\\\/de\\\/#\\\/schema\\\/person\\\/481bed41a6011e613bf2eb0f774101b4\",\"name\":\"dev\",\"image\":{\"@type\":\"ImageObject\",\"inLanguage\":\"de\",\"@id\":\"https:\\\/\\\/secure.gravatar.com\\\/avatar\\\/4a2b6c480bb3a58fe62c99051c3e1ca9c9c06de8a61eb97fa22ba242a4dc4dea?s=96&d=mm&r=g\",\"url\":\"https:\\\/\\\/secure.gravatar.com\\\/avatar\\\/4a2b6c480bb3a58fe62c99051c3e1ca9c9c06de8a61eb97fa22ba242a4dc4dea?s=96&d=mm&r=g\",\"contentUrl\":\"https:\\\/\\\/secure.gravatar.com\\\/avatar\\\/4a2b6c480bb3a58fe62c99051c3e1ca9c9c06de8a61eb97fa22ba242a4dc4dea?s=96&d=mm&r=g\",\"caption\":\"dev\"},\"url\":\"https:\\\/\\\/blueseal-aircurtains.com\\\/de\\\/author\\\/dev\\\/\"}]}<\/script>\n<!-- \/ Yoast SEO plugin. -->","yoast_head_json":{"title":"Verbesserte Steuerung f\u00fcr BlueSeal-Luftvorh\u00e4nge","description":"BlueControl erweitert die Funktion der BlueSeal Luftschleier. Es macht Fahrer auf die T\u00fcr-\u00d6ffnungszeit aufmerksam und vereinfacht die Installation.","robots":{"index":"index","follow":"follow","max-snippet":"max-snippet:-1","max-image-preview":"max-image-preview:large","max-video-preview":"max-video-preview:-1"},"canonical":"https:\/\/blueseal-aircurtains.com\/de\/produkte\/bluecontrol\/","og_locale":"de_DE","og_type":"article","og_title":"Verbesserte Steuerung f\u00fcr BlueSeal-Luftvorh\u00e4nge","og_description":"BlueControl erweitert die Funktion der BlueSeal Luftschleier. Es macht Fahrer auf die T\u00fcr-\u00d6ffnungszeit aufmerksam und vereinfacht die Installation.","og_url":"https:\/\/blueseal-aircurtains.com\/de\/produkte\/bluecontrol\/","og_site_name":"BlueSeal air curtains by Brightec BV","article_publisher":"https:\/\/www.facebook.com\/brightecbv","article_modified_time":"2025-10-27T12:16:16+00:00","og_image":[{"width":1920,"height":1080,"url":"https:\/\/blueseal-aircurtains.com\/wp-content\/uploads\/2024\/11\/blueseal-compact.jpg","type":"image\/jpeg"}],"twitter_card":"summary_large_image","twitter_site":"@BrightecBv","twitter_misc":{"Gesch\u00e4tzte Lesezeit":"3\u00a0Minuten"},"schema":{"@context":"https:\/\/schema.org","@graph":[{"@type":"NewsArticle","@id":"https:\/\/blueseal-aircurtains.com\/de\/produkte\/bluecontrol\/#article","isPartOf":{"@id":"https:\/\/blueseal-aircurtains.com\/de\/produkte\/bluecontrol\/"},"author":{"name":"dev","@id":"https:\/\/blueseal-aircurtains.com\/de\/#\/schema\/person\/481bed41a6011e613bf2eb0f774101b4"},"headline":"BlueControl","datePublished":"2024-08-09T12:00:34+00:00","dateModified":"2025-10-27T12:16:16+00:00","mainEntityOfPage":{"@id":"https:\/\/blueseal-aircurtains.com\/de\/produkte\/bluecontrol\/"},"wordCount":1128,"publisher":{"@id":"https:\/\/blueseal-aircurtains.com\/de\/#organization"},"inLanguage":"de"},{"@type":"WebPage","@id":"https:\/\/blueseal-aircurtains.com\/de\/produkte\/bluecontrol\/","url":"https:\/\/blueseal-aircurtains.com\/de\/produkte\/bluecontrol\/","name":"Verbesserte Steuerung f\u00fcr BlueSeal-Luftvorh\u00e4nge","isPartOf":{"@id":"https:\/\/blueseal-aircurtains.com\/de\/#website"},"datePublished":"2024-08-09T12:00:34+00:00","dateModified":"2025-10-27T12:16:16+00:00","description":"BlueControl erweitert die Funktion der BlueSeal Luftschleier. Es macht Fahrer auf die T\u00fcr-\u00d6ffnungszeit aufmerksam und vereinfacht die Installation.","breadcrumb":{"@id":"https:\/\/blueseal-aircurtains.com\/de\/produkte\/bluecontrol\/#breadcrumb"},"inLanguage":"de","potentialAction":[{"@type":"ReadAction","target":["https:\/\/blueseal-aircurtains.com\/de\/produkte\/bluecontrol\/"]}]},{"@type":"BreadcrumbList","@id":"https:\/\/blueseal-aircurtains.com\/de\/produkte\/bluecontrol\/#breadcrumb","itemListElement":[{"@type":"ListItem","position":1,"name":"Home","item":"https:\/\/blueseal-aircurtains.com\/de\/"},{"@type":"ListItem","position":2,"name":"Produkte","item":"https:\/\/blueseal-aircurtains.com\/de\/produkte\/"},{"@type":"ListItem","position":3,"name":"BlueControl"}]},{"@type":"WebSite","@id":"https:\/\/blueseal-aircurtains.com\/de\/#website","url":"https:\/\/blueseal-aircurtains.com\/de\/","name":"BlueSeal air curtains by Brightec BV","description":"Air curtains for temperature controlled transport","publisher":{"@id":"https:\/\/blueseal-aircurtains.com\/de\/#organization"},"alternateName":"Brightec B.V.","potentialAction":[{"@type":"SearchAction","target":{"@type":"EntryPoint","urlTemplate":"https:\/\/blueseal-aircurtains.com\/de\/?s={search_term_string}"},"query-input":{"@type":"PropertyValueSpecification","valueRequired":true,"valueName":"search_term_string"}}],"inLanguage":"de"},{"@type":"Organization","@id":"https:\/\/blueseal-aircurtains.com\/de\/#organization","name":"BlueSeal air curtains by Brightec BV","alternateName":"Brightec B.V.","url":"https:\/\/blueseal-aircurtains.com\/de\/","logo":{"@type":"ImageObject","inLanguage":"de","@id":"https:\/\/blueseal-aircurtains.com\/de\/#\/schema\/logo\/image\/","url":"https:\/\/blueseal-aircurtains.com\/wp-content\/uploads\/2024\/07\/blueseal-logo-colored.svg","contentUrl":"https:\/\/blueseal-aircurtains.com\/wp-content\/uploads\/2024\/07\/blueseal-logo-colored.svg","width":240,"height":51,"caption":"BlueSeal air curtains by Brightec BV"},"image":{"@id":"https:\/\/blueseal-aircurtains.com\/de\/#\/schema\/logo\/image\/"},"sameAs":["https:\/\/www.facebook.com\/brightecbv","https:\/\/x.com\/BrightecBv"]},{"@type":"Person","@id":"https:\/\/blueseal-aircurtains.com\/de\/#\/schema\/person\/481bed41a6011e613bf2eb0f774101b4","name":"dev","image":{"@type":"ImageObject","inLanguage":"de","@id":"https:\/\/secure.gravatar.com\/avatar\/4a2b6c480bb3a58fe62c99051c3e1ca9c9c06de8a61eb97fa22ba242a4dc4dea?s=96&d=mm&r=g","url":"https:\/\/secure.gravatar.com\/avatar\/4a2b6c480bb3a58fe62c99051c3e1ca9c9c06de8a61eb97fa22ba242a4dc4dea?s=96&d=mm&r=g","contentUrl":"https:\/\/secure.gravatar.com\/avatar\/4a2b6c480bb3a58fe62c99051c3e1ca9c9c06de8a61eb97fa22ba242a4dc4dea?s=96&d=mm&r=g","caption":"dev"},"url":"https:\/\/blueseal-aircurtains.com\/de\/author\/dev\/"}]}},"_links":{"self":[{"href":"https:\/\/blueseal-aircurtains.com\/de\/wp-json\/wp\/v2\/pages\/1086","targetHints":{"allow":["GET"]}}],"collection":[{"href":"https:\/\/blueseal-aircurtains.com\/de\/wp-json\/wp\/v2\/pages"}],"about":[{"href":"https:\/\/blueseal-aircurtains.com\/de\/wp-json\/wp\/v2\/types\/page"}],"author":[{"embeddable":true,"href":"https:\/\/blueseal-aircurtains.com\/de\/wp-json\/wp\/v2\/users\/2"}],"replies":[{"embeddable":true,"href":"https:\/\/blueseal-aircurtains.com\/de\/wp-json\/wp\/v2\/comments?post=1086"}],"version-history":[{"count":19,"href":"https:\/\/blueseal-aircurtains.com\/de\/wp-json\/wp\/v2\/pages\/1086\/revisions"}],"predecessor-version":[{"id":3891,"href":"https:\/\/blueseal-aircurtains.com\/de\/wp-json\/wp\/v2\/pages\/1086\/revisions\/3891"}],"up":[{"embeddable":true,"href":"https:\/\/blueseal-aircurtains.com\/de\/wp-json\/wp\/v2\/pages\/1068"}],"wp:attachment":[{"href":"https:\/\/blueseal-aircurtains.com\/de\/wp-json\/wp\/v2\/media?parent=1086"}],"curies":[{"name":"wp","href":"https:\/\/api.w.org\/{rel}","templated":true}]}}