{"id":1044,"date":"2024-08-09T12:05:16","date_gmt":"2024-08-09T12:05:16","guid":{"rendered":"https:\/\/blueseal-aircurtains.com\/blueseal-customs"},"modified":"2025-10-27T12:20:46","modified_gmt":"2025-10-27T12:20:46","slug":"blueseal-customs","status":"publish","type":"page","link":"https:\/\/blueseal-aircurtains.com\/de\/produkte\/blueseal-customs\/","title":{"rendered":"BlueSeal Customs"},"content":{"rendered":"<div class=\"wpb-content-wrapper\"><p>[vc_row css_animation=&#8220;&#8220; row_type=&#8220;row&#8220; use_row_as_full_screen_section=&#8220;no&#8220; type=&#8220;full_width&#8220; angled_section=&#8220;no&#8220; text_align=&#8220;left&#8220; background_image_as_pattern=&#8220;without_pattern&#8220; z_index=&#8220;&#8220;][vc_column][vc_row_inner row_type=&#8220;row&#8220; type=&#8220;grid&#8220; text_align=&#8220;center&#8220; css_animation=&#8220;&#8220;][vc_column_inner width=&#8220;1\/12&#8243;][\/vc_column_inner][vc_column_inner width=&#8220;10\/12&#8243;][vc_text_separator title=&#8220;Abstand &#8211; M&#8220; border=&#8220;no&#8220; el_class=&#8220;spacing-medium&#8220;][vc_column_text css=&#8220;&#8220;]<\/p>\n<h3>BlueSeal Customs<\/h3>\n<p>[\/vc_column_text][vc_empty_space height=&#8220;30px&#8220;][vc_column_text css=&#8220;&#8220;]<\/p>\n<h2><strong>Ma\u00dfgeschneiderte Luftschleierl\u00f6sungen f\u00fcr Fahrzeuge mit unregelm\u00e4\u00dfigen T\u00fcr\u00f6ffnungen.<\/strong><\/h2>\n<p>[\/vc_column_text][vc_empty_space height=&#8220;30px&#8220;][vc_column_text css=&#8220;&#8220;]BlueSeal-Luftschleier sind so konzipiert, dass sie \u00fcber der hinteren oder seitlichen T\u00fcr fast jedes Nutzfahrzeugs mit temperaturgesteuertem Laderaum passen, mit einer variablen L\u00e4nge, die im Rahmen unseres Standardservices auf die Gr\u00f6\u00dfe zugeschnitten werden kann. Gelegentlich arbeiten wir auch mit Unternehmen zusammen, um etwas anderes zu liefern, das ihrem Endgebrauch entspricht. Bei Brightec sind wir stolz auf unsere F\u00e4higkeit, in Zusammenarbeit mit kommerziellen Karosseriebauern personalisierte L\u00f6sungen f\u00fcr Fahrzeuge zu schaffen, die einen anderen Ansatz erfordern. Dazu geh\u00f6rt die Integration von BlueSeal mit Rolltoren zu einer All-in-One-Einheit und die Modifikation von Ger\u00e4ten zur Erh\u00f6hung des Luftstroms f\u00fcr L\u00e4nder, die in hei\u00dferen Klimazonen verteilen.[\/vc_column_text][vc_text_separator title=&#8220;Abstand &#8211; M&#8220; border=&#8220;no&#8220; el_class=&#8220;spacing-medium&#8220;][\/vc_column_inner][vc_column_inner width=&#8220;1\/12&#8243;][\/vc_column_inner][\/vc_row_inner][\/vc_column][\/vc_row][vc_row css_animation=&#8220;&#8220; row_type=&#8220;row&#8220; use_row_as_full_screen_section=&#8220;no&#8220; type=&#8220;grid&#8220; angled_section=&#8220;no&#8220; text_align=&#8220;center&#8220; background_image_as_pattern=&#8220;without_pattern&#8220; z_index=&#8220;&#8220; el_class=&#8220;center-text dark-section&#8220; background_color=&#8220;#090e1f&#8220; padding_top=&#8220;100&#8243; padding_bottom=&#8220;100&#8243;][vc_column][vc_row_inner row_type=&#8220;row&#8220; type=&#8220;full_width&#8220; text_align=&#8220;left&#8220; css_animation=&#8220;&#8220;][vc_column_inner][qode_elements_holder number_of_columns=&#8220;two_columns&#8220;][qode_elements_holder_item cover=&#8220;yes&#8220; advanced_animations=&#8220;no&#8220; background_image=&#8220;504&#8243; item_padding_768_1024=&#8220;300px 0 0 0&#8243; item_padding_600_768=&#8220;300px 0 0 0&#8243; item_padding_480_600=&#8220;300px 0 0 0&#8243; item_padding_480=&#8220;300px 0 0 0&#8243;][\/qode_elements_holder_item][qode_elements_holder_item advanced_animations=&#8220;no&#8220; item_padding=&#8220;6%&#8220;][vc_column_text css=&#8220;&#8220;]<\/p>\n<h2>Fall-Studie<\/h2>\n<p>[\/vc_column_text][vc_empty_space height=&#8220;30px&#8220;][vc_column_text css=&#8220;&#8220;]Brightec hat einen ma\u00dfgeschneiderten Luftschleier f\u00fcr den f\u00fchrenden franz\u00f6sischen Karosseriebauer Lamberet entwickelt, der in deren Distri+ Fahrzeugreihe zum Einsatz kommt. Die neuen Distri+ Modelle verf\u00fcgen \u00fcber ein 100% pneumatisches und isothermisches Vorhangmodell, das auf der Solutrans 2019 vorgestellt wurde. Diese neueste Version des BlueSeal-Luftschleiers ist das Ergebnis von 12 Monaten gemeinsamer Arbeit mit der F von Lamberet und wird seit 2020 auf Anh\u00e4ngern der franz\u00f6sischen Supermarktkette Intermarch\u00e9 eingesetzt.[\/vc_column_text][vc_empty_space height=&#8220;30px&#8220;]<a  itemprop=\"url\" href=\"\/2020\/12\/brightec-partner-with-lamberet-for-disti-integrated-shutter-door-air-curtain\" target=\"_self\"  class=\"qbutton  default gradient-magenta\" style=\"\">Mehr erfahren<\/a>[\/qode_elements_holder_item][\/qode_elements_holder][\/vc_column_inner][\/vc_row_inner][\/vc_column][\/vc_row][vc_row css_animation=&#8220;&#8220; row_type=&#8220;row&#8220; use_row_as_full_screen_section=&#8220;no&#8220; type=&#8220;grid&#8220; angled_section=&#8220;no&#8220; text_align=&#8220;left&#8220; background_image_as_pattern=&#8220;without_pattern&#8220; z_index=&#8220;&#8220; background_color=&#8220;#f7f7f7&#8243; padding_top=&#8220;100&#8243; padding_bottom=&#8220;100&#8243;][vc_column][vc_row_inner row_type=&#8220;row&#8220; type=&#8220;full_width&#8220; text_align=&#8220;center&#8220; css_animation=&#8220;&#8220; el_class=&#8220;center-text&#8220;][vc_column_inner][vc_column_text css=&#8220;&#8220; el_class=&#8220;gradient-text&#8220;]<\/p>\n<h2><span class=\"TextRun SCXW100816644 BCX0\" lang=\"EN-GB\" xml:lang=\"EN-GB\" data-contrast=\"auto\"><span class=\"NormalTextRun SCXW100816644 BCX0\">Wie <\/span><span class=\"NormalTextRun SCXW100816644 BCX0\">BlueSeal<\/span><span class=\"NormalTextRun SCXW100816644 BCX0\"> funktioniert<\/span><\/span><\/h2>\n<p>[\/vc_column_text][\/vc_column_inner][\/vc_row_inner][vc_row_inner row_type=&#8220;row&#8220; type=&#8220;full_width&#8220; text_align=&#8220;left&#8220; css_animation=&#8220;&#8220; el_class=&#8220;process-with-title&#8220;][vc_column_inner]<div class=\"qode-numbered-process-holder qode-numbered-process-holder-items-three qodef-np-padding-medium qode-np-line-solid\">\n\t<div class=\"qode-numbered-process-inner\">\n\t\t<div class=\"qode-np-item\">\n\t<div class=\"qode-np-item-image-holder\">\n\t\t\t\t\t<div class=\"qode-np-item-image-inner\" >\n\t\t\t\t<div class=\"qode-np-item-image-table\">\n\t\t\t\t\t<div class=\"qode-np-item-image-table-cell\">\n\t\t\t\t\t\t<img decoding=\"async\" src=\"https:\/\/blueseal-aircurtains.com\/wp-content\/uploads\/2024\/07\/1-clicktofit.jpg\" alt=\"qode-np-item\"\/>\n\t\t\t\t\t<\/div>\n\t\t\t\t<\/div>\n\t\t\t\t\t\t\t\t\t<span class=\"qode-np-item-number\" >Einfache Installation<\/span>\n\t\t\t\t\t\t\t<\/div>\n\t\t\t\t\t\t<span class=\"qode-np-line\"><\/span>\n\t<\/div>\n\t\t\t<h4 class=\"qode-np-title\" >\n\t\t\tBlueSeal kann problemlos in jedem neuen oder bestehenden Fahrzeug installiert werden, indem ein Klicksystem an einer Montageplatte an der Decke des Fahrzeugs befestigt wird. Diese k\u00f6nnen sowohl \u00fcber hinteren Ladet\u00fcren als auch seitlichen T\u00fcren angebracht werden und k\u00f6nnen nach Ihren Vorgaben gebaut werden.\t\t<\/h4>\n\t<\/div><div class=\"qode-np-item\">\n\t<div class=\"qode-np-item-image-holder\">\n\t\t\t\t\t<div class=\"qode-np-item-image-inner\" >\n\t\t\t\t<div class=\"qode-np-item-image-table\">\n\t\t\t\t\t<div class=\"qode-np-item-image-table-cell\">\n\t\t\t\t\t\t<img decoding=\"async\" src=\"https:\/\/blueseal-aircurtains.com\/wp-content\/uploads\/2024\/07\/2-coldbarrier.jpg\" alt=\"qode-np-item\"\/>\n\t\t\t\t\t<\/div>\n\t\t\t\t<\/div>\n\t\t\t\t\t\t\t\t\t<span class=\"qode-np-item-number\" >Verbesserte Klimatisierung<\/span>\n\t\t\t\t\t\t\t<\/div>\n\t\t\t\t\t\t<span class=\"qode-np-line\"><\/span>\n\t<\/div>\n\t\t\t<h4 class=\"qode-np-title\" >\n\t\t\tW\u00e4hrend des Be- und Entladens wird BlueSeal automatisch aktiviert. Luft wird von BlueSeal angesaugt und in einen vertikalen Luftschleier umgewandelt, der die K\u00e4lte im Inneren des Anh\u00e4ngers von der Umgebungstemperatur (w\u00e4rmer) au\u00dferhalb des Fahrzeugs trennt. Insekten, Staub und feuchte Luft werden ebenfalls daran gehindert, in das Fahrzeug einzudringen.\t\t<\/h4>\n\t<\/div><div class=\"qode-np-item\">\n\t<div class=\"qode-np-item-image-holder\">\n\t\t\t\t\t<div class=\"qode-np-item-image-inner\" >\n\t\t\t\t<div class=\"qode-np-item-image-table\">\n\t\t\t\t\t<div class=\"qode-np-item-image-table-cell\">\n\t\t\t\t\t\t<img decoding=\"async\" src=\"https:\/\/blueseal-aircurtains.com\/wp-content\/uploads\/2024\/07\/blueseal_vanairflow.jpg\" alt=\"qode-np-item\"\/>\n\t\t\t\t\t<\/div>\n\t\t\t\t<\/div>\n\t\t\t\t\t\t\t\t\t<span class=\"qode-np-item-number\" >H\u00e4lt Waren frisch<\/span>\n\t\t\t\t\t\t\t<\/div>\n\t\t\t\t\t\t<span class=\"qode-np-line\"><\/span>\n\t<\/div>\n\t\t\t<h4 class=\"qode-np-title\" >\n\t\t\tKalte Luft wird w\u00e4hrend der T\u00fcr\u00f6ffnungen im Inneren des Fahrzeugs gehalten, wodurch die Integrit\u00e4t der temperaturgesteuerten Waren erhalten bleibt. Die Temperatur im Laderaum steigt mit einem Luftschleier w\u00e4hrend der T\u00fcr\u00f6ffnungen deutlich langsamer an als mit PVC-Streifen.\t\t<\/h4>\n\t<\/div>\t<\/div>\n<\/div>[\/vc_column_inner][\/vc_row_inner][vc_text_separator title=&#8220;Abstand &#8211; M&#8220; border=&#8220;no&#8220; el_class=&#8220;spacing-medium&#8220;][\/vc_column][\/vc_row][vc_row css_animation=&#8220;&#8220; row_type=&#8220;row&#8220; use_row_as_full_screen_section=&#8220;no&#8220; type=&#8220;full_width&#8220; angled_section=&#8220;no&#8220; text_align=&#8220;left&#8220; background_image_as_pattern=&#8220;without_pattern&#8220;][vc_column]<div class=\"call_to_action normal\" style=\"\"><div class=\"container_inner\"><div class=\"two_columns_75_25 clearfix\"><div class=\"text_wrapper column1\"><div class=\"call_to_action_text \" style=\"\"><strong>M\u00f6chten Sie mehr \u00fcber BlueSeal-Luftschleier erfahren?<\/strong><\/div><\/div><div class=\"button_wrapper column2\"><a itemprop=\"url\" href=\"\/contact\" class=\"qbutton white \" target=\"_self\" style=\"\" >Kontakt aufnehmen<\/a><\/div><\/div><\/div><\/div>[\/vc_column][\/vc_row]<\/p>\n<\/div>","protected":false},"excerpt":{"rendered":"<p>[vc_row css_animation=&#8220;&#8220; row_type=&#8220;row&#8220; use_row_as_full_screen_section=&#8220;no&#8220; type=&#8220;full_width&#8220; angled_section=&#8220;no&#8220; text_align=&#8220;left&#8220; background_image_as_pattern=&#8220;without_pattern&#8220; z_index=&#8220;&#8220;][vc_column][vc_row_inner row_type=&#8220;row&#8220; type=&#8220;grid&#8220; text_align=&#8220;center&#8220; css_animation=&#8220;&#8220;][vc_column_inner width=&#8220;1\/12&#8243;][\/vc_column_inner][vc_column_inner width=&#8220;10\/12&#8243;][vc_text_separator title=&#8220;Abstand &#8211; M&#8220; border=&#8220;no&#8220; el_class=&#8220;spacing-medium&#8220;][vc_column_text css=&#8220;&#8220;] BlueSeal Customs [\/vc_column_text][vc_empty_space height=&#8220;30px&#8220;][vc_column_text css=&#8220;&#8220;] Ma\u00dfgeschneiderte Luftschleierl\u00f6sungen f\u00fcr Fahrzeuge mit unregelm\u00e4\u00dfigen T\u00fcr\u00f6ffnungen. [\/vc_column_text][vc_empty_space height=&#8220;30px&#8220;][vc_column_text css=&#8220;&#8220;]BlueSeal-Luftschleier sind so konzipiert, dass sie \u00fcber der hinteren oder&#8230;<\/p>\n","protected":false},"author":2,"featured_media":0,"parent":1068,"menu_order":0,"comment_status":"closed","ping_status":"closed","template":"full_width.php","meta":{"inline_featured_image":false,"footnotes":""},"class_list":["post-1044","page","type-page","status-publish","hentry"],"acf":[],"yoast_head":"<!-- This site is optimized with the Yoast SEO plugin v27.5 - https:\/\/yoast.com\/product\/yoast-seo-wordpress\/ -->\n<title>BlueSeal Customs: Ma\u00dfgeschneiderte Luftschleier<\/title>\n<meta name=\"description\" content=\"BlueSeal Customs bietet eine ma\u00dfgeschneiderte L\u00f6sung f\u00fcr K\u00fchlfahrzeuge mit ungew\u00f6hnlichen T\u00fcren oder speziellen Betriebsbedingungen.\" \/>\n<meta name=\"robots\" content=\"index, follow, max-snippet:-1, max-image-preview:large, max-video-preview:-1\" \/>\n<link rel=\"canonical\" href=\"https:\/\/blueseal-aircurtains.com\/de\/produkte\/blueseal-customs\/\" \/>\n<meta property=\"og:locale\" content=\"de_DE\" \/>\n<meta property=\"og:type\" content=\"article\" \/>\n<meta property=\"og:title\" content=\"BlueSeal Customs: Ma\u00dfgeschneiderte Luftschleier\" \/>\n<meta property=\"og:description\" content=\"BlueSeal Customs bietet eine ma\u00dfgeschneiderte L\u00f6sung f\u00fcr K\u00fchlfahrzeuge mit ungew\u00f6hnlichen T\u00fcren oder speziellen Betriebsbedingungen.\" \/>\n<meta property=\"og:url\" content=\"https:\/\/blueseal-aircurtains.com\/de\/produkte\/blueseal-customs\/\" \/>\n<meta property=\"og:site_name\" content=\"BlueSeal air curtains by Brightec BV\" \/>\n<meta property=\"article:publisher\" content=\"https:\/\/www.facebook.com\/brightecbv\" \/>\n<meta property=\"article:modified_time\" content=\"2025-10-27T12:20:46+00:00\" \/>\n<meta property=\"og:image\" content=\"https:\/\/blueseal-aircurtains.com\/wp-content\/uploads\/2024\/11\/blueseal-compact.jpg\" \/>\n\t<meta property=\"og:image:width\" content=\"1920\" \/>\n\t<meta property=\"og:image:height\" content=\"1080\" \/>\n\t<meta property=\"og:image:type\" content=\"image\/jpeg\" \/>\n<meta name=\"twitter:card\" content=\"summary_large_image\" \/>\n<meta name=\"twitter:site\" content=\"@BrightecBv\" \/>\n<meta name=\"twitter:label1\" content=\"Gesch\u00e4tzte Lesezeit\" \/>\n\t<meta name=\"twitter:data1\" content=\"3\u00a0Minuten\" \/>\n<script type=\"application\/ld+json\" class=\"yoast-schema-graph\">{\"@context\":\"https:\\\/\\\/schema.org\",\"@graph\":[{\"@type\":\"NewsArticle\",\"@id\":\"https:\\\/\\\/blueseal-aircurtains.com\\\/de\\\/produkte\\\/blueseal-customs\\\/#article\",\"isPartOf\":{\"@id\":\"https:\\\/\\\/blueseal-aircurtains.com\\\/de\\\/produkte\\\/blueseal-customs\\\/\"},\"author\":{\"name\":\"dev\",\"@id\":\"https:\\\/\\\/blueseal-aircurtains.com\\\/de\\\/#\\\/schema\\\/person\\\/481bed41a6011e613bf2eb0f774101b4\"},\"headline\":\"BlueSeal Customs\",\"datePublished\":\"2024-08-09T12:05:16+00:00\",\"dateModified\":\"2025-10-27T12:20:46+00:00\",\"mainEntityOfPage\":{\"@id\":\"https:\\\/\\\/blueseal-aircurtains.com\\\/de\\\/produkte\\\/blueseal-customs\\\/\"},\"wordCount\":869,\"publisher\":{\"@id\":\"https:\\\/\\\/blueseal-aircurtains.com\\\/de\\\/#organization\"},\"inLanguage\":\"de\"},{\"@type\":\"WebPage\",\"@id\":\"https:\\\/\\\/blueseal-aircurtains.com\\\/de\\\/produkte\\\/blueseal-customs\\\/\",\"url\":\"https:\\\/\\\/blueseal-aircurtains.com\\\/de\\\/produkte\\\/blueseal-customs\\\/\",\"name\":\"BlueSeal Customs: Ma\u00dfgeschneiderte Luftschleier\",\"isPartOf\":{\"@id\":\"https:\\\/\\\/blueseal-aircurtains.com\\\/de\\\/#website\"},\"datePublished\":\"2024-08-09T12:05:16+00:00\",\"dateModified\":\"2025-10-27T12:20:46+00:00\",\"description\":\"BlueSeal Customs bietet eine ma\u00dfgeschneiderte L\u00f6sung f\u00fcr K\u00fchlfahrzeuge mit ungew\u00f6hnlichen T\u00fcren oder speziellen Betriebsbedingungen.\",\"breadcrumb\":{\"@id\":\"https:\\\/\\\/blueseal-aircurtains.com\\\/de\\\/produkte\\\/blueseal-customs\\\/#breadcrumb\"},\"inLanguage\":\"de\",\"potentialAction\":[{\"@type\":\"ReadAction\",\"target\":[\"https:\\\/\\\/blueseal-aircurtains.com\\\/de\\\/produkte\\\/blueseal-customs\\\/\"]}]},{\"@type\":\"BreadcrumbList\",\"@id\":\"https:\\\/\\\/blueseal-aircurtains.com\\\/de\\\/produkte\\\/blueseal-customs\\\/#breadcrumb\",\"itemListElement\":[{\"@type\":\"ListItem\",\"position\":1,\"name\":\"Home\",\"item\":\"https:\\\/\\\/blueseal-aircurtains.com\\\/de\\\/\"},{\"@type\":\"ListItem\",\"position\":2,\"name\":\"Produkte\",\"item\":\"https:\\\/\\\/blueseal-aircurtains.com\\\/de\\\/produkte\\\/\"},{\"@type\":\"ListItem\",\"position\":3,\"name\":\"BlueSeal Customs\"}]},{\"@type\":\"WebSite\",\"@id\":\"https:\\\/\\\/blueseal-aircurtains.com\\\/de\\\/#website\",\"url\":\"https:\\\/\\\/blueseal-aircurtains.com\\\/de\\\/\",\"name\":\"BlueSeal air curtains by Brightec BV\",\"description\":\"Air curtains for temperature controlled transport\",\"publisher\":{\"@id\":\"https:\\\/\\\/blueseal-aircurtains.com\\\/de\\\/#organization\"},\"alternateName\":\"Brightec B.V.\",\"potentialAction\":[{\"@type\":\"SearchAction\",\"target\":{\"@type\":\"EntryPoint\",\"urlTemplate\":\"https:\\\/\\\/blueseal-aircurtains.com\\\/de\\\/?s={search_term_string}\"},\"query-input\":{\"@type\":\"PropertyValueSpecification\",\"valueRequired\":true,\"valueName\":\"search_term_string\"}}],\"inLanguage\":\"de\"},{\"@type\":\"Organization\",\"@id\":\"https:\\\/\\\/blueseal-aircurtains.com\\\/de\\\/#organization\",\"name\":\"BlueSeal air curtains by Brightec BV\",\"alternateName\":\"Brightec B.V.\",\"url\":\"https:\\\/\\\/blueseal-aircurtains.com\\\/de\\\/\",\"logo\":{\"@type\":\"ImageObject\",\"inLanguage\":\"de\",\"@id\":\"https:\\\/\\\/blueseal-aircurtains.com\\\/de\\\/#\\\/schema\\\/logo\\\/image\\\/\",\"url\":\"https:\\\/\\\/blueseal-aircurtains.com\\\/wp-content\\\/uploads\\\/2024\\\/07\\\/blueseal-logo-colored.svg\",\"contentUrl\":\"https:\\\/\\\/blueseal-aircurtains.com\\\/wp-content\\\/uploads\\\/2024\\\/07\\\/blueseal-logo-colored.svg\",\"width\":240,\"height\":51,\"caption\":\"BlueSeal air curtains by Brightec BV\"},\"image\":{\"@id\":\"https:\\\/\\\/blueseal-aircurtains.com\\\/de\\\/#\\\/schema\\\/logo\\\/image\\\/\"},\"sameAs\":[\"https:\\\/\\\/www.facebook.com\\\/brightecbv\",\"https:\\\/\\\/x.com\\\/BrightecBv\"]},{\"@type\":\"Person\",\"@id\":\"https:\\\/\\\/blueseal-aircurtains.com\\\/de\\\/#\\\/schema\\\/person\\\/481bed41a6011e613bf2eb0f774101b4\",\"name\":\"dev\",\"image\":{\"@type\":\"ImageObject\",\"inLanguage\":\"de\",\"@id\":\"https:\\\/\\\/secure.gravatar.com\\\/avatar\\\/4a2b6c480bb3a58fe62c99051c3e1ca9c9c06de8a61eb97fa22ba242a4dc4dea?s=96&d=mm&r=g\",\"url\":\"https:\\\/\\\/secure.gravatar.com\\\/avatar\\\/4a2b6c480bb3a58fe62c99051c3e1ca9c9c06de8a61eb97fa22ba242a4dc4dea?s=96&d=mm&r=g\",\"contentUrl\":\"https:\\\/\\\/secure.gravatar.com\\\/avatar\\\/4a2b6c480bb3a58fe62c99051c3e1ca9c9c06de8a61eb97fa22ba242a4dc4dea?s=96&d=mm&r=g\",\"caption\":\"dev\"},\"url\":\"https:\\\/\\\/blueseal-aircurtains.com\\\/de\\\/author\\\/dev\\\/\"}]}<\/script>\n<!-- \/ Yoast SEO plugin. -->","yoast_head_json":{"title":"BlueSeal Customs: Ma\u00dfgeschneiderte Luftschleier","description":"BlueSeal Customs bietet eine ma\u00dfgeschneiderte L\u00f6sung f\u00fcr K\u00fchlfahrzeuge mit ungew\u00f6hnlichen T\u00fcren oder speziellen Betriebsbedingungen.","robots":{"index":"index","follow":"follow","max-snippet":"max-snippet:-1","max-image-preview":"max-image-preview:large","max-video-preview":"max-video-preview:-1"},"canonical":"https:\/\/blueseal-aircurtains.com\/de\/produkte\/blueseal-customs\/","og_locale":"de_DE","og_type":"article","og_title":"BlueSeal Customs: Ma\u00dfgeschneiderte Luftschleier","og_description":"BlueSeal Customs bietet eine ma\u00dfgeschneiderte L\u00f6sung f\u00fcr K\u00fchlfahrzeuge mit ungew\u00f6hnlichen T\u00fcren oder speziellen Betriebsbedingungen.","og_url":"https:\/\/blueseal-aircurtains.com\/de\/produkte\/blueseal-customs\/","og_site_name":"BlueSeal air curtains by Brightec BV","article_publisher":"https:\/\/www.facebook.com\/brightecbv","article_modified_time":"2025-10-27T12:20:46+00:00","og_image":[{"width":1920,"height":1080,"url":"https:\/\/blueseal-aircurtains.com\/wp-content\/uploads\/2024\/11\/blueseal-compact.jpg","type":"image\/jpeg"}],"twitter_card":"summary_large_image","twitter_site":"@BrightecBv","twitter_misc":{"Gesch\u00e4tzte Lesezeit":"3\u00a0Minuten"},"schema":{"@context":"https:\/\/schema.org","@graph":[{"@type":"NewsArticle","@id":"https:\/\/blueseal-aircurtains.com\/de\/produkte\/blueseal-customs\/#article","isPartOf":{"@id":"https:\/\/blueseal-aircurtains.com\/de\/produkte\/blueseal-customs\/"},"author":{"name":"dev","@id":"https:\/\/blueseal-aircurtains.com\/de\/#\/schema\/person\/481bed41a6011e613bf2eb0f774101b4"},"headline":"BlueSeal Customs","datePublished":"2024-08-09T12:05:16+00:00","dateModified":"2025-10-27T12:20:46+00:00","mainEntityOfPage":{"@id":"https:\/\/blueseal-aircurtains.com\/de\/produkte\/blueseal-customs\/"},"wordCount":869,"publisher":{"@id":"https:\/\/blueseal-aircurtains.com\/de\/#organization"},"inLanguage":"de"},{"@type":"WebPage","@id":"https:\/\/blueseal-aircurtains.com\/de\/produkte\/blueseal-customs\/","url":"https:\/\/blueseal-aircurtains.com\/de\/produkte\/blueseal-customs\/","name":"BlueSeal Customs: Ma\u00dfgeschneiderte Luftschleier","isPartOf":{"@id":"https:\/\/blueseal-aircurtains.com\/de\/#website"},"datePublished":"2024-08-09T12:05:16+00:00","dateModified":"2025-10-27T12:20:46+00:00","description":"BlueSeal Customs bietet eine ma\u00dfgeschneiderte L\u00f6sung f\u00fcr K\u00fchlfahrzeuge mit ungew\u00f6hnlichen T\u00fcren oder speziellen Betriebsbedingungen.","breadcrumb":{"@id":"https:\/\/blueseal-aircurtains.com\/de\/produkte\/blueseal-customs\/#breadcrumb"},"inLanguage":"de","potentialAction":[{"@type":"ReadAction","target":["https:\/\/blueseal-aircurtains.com\/de\/produkte\/blueseal-customs\/"]}]},{"@type":"BreadcrumbList","@id":"https:\/\/blueseal-aircurtains.com\/de\/produkte\/blueseal-customs\/#breadcrumb","itemListElement":[{"@type":"ListItem","position":1,"name":"Home","item":"https:\/\/blueseal-aircurtains.com\/de\/"},{"@type":"ListItem","position":2,"name":"Produkte","item":"https:\/\/blueseal-aircurtains.com\/de\/produkte\/"},{"@type":"ListItem","position":3,"name":"BlueSeal Customs"}]},{"@type":"WebSite","@id":"https:\/\/blueseal-aircurtains.com\/de\/#website","url":"https:\/\/blueseal-aircurtains.com\/de\/","name":"BlueSeal air curtains by Brightec BV","description":"Air curtains for temperature controlled transport","publisher":{"@id":"https:\/\/blueseal-aircurtains.com\/de\/#organization"},"alternateName":"Brightec B.V.","potentialAction":[{"@type":"SearchAction","target":{"@type":"EntryPoint","urlTemplate":"https:\/\/blueseal-aircurtains.com\/de\/?s={search_term_string}"},"query-input":{"@type":"PropertyValueSpecification","valueRequired":true,"valueName":"search_term_string"}}],"inLanguage":"de"},{"@type":"Organization","@id":"https:\/\/blueseal-aircurtains.com\/de\/#organization","name":"BlueSeal air curtains by Brightec BV","alternateName":"Brightec B.V.","url":"https:\/\/blueseal-aircurtains.com\/de\/","logo":{"@type":"ImageObject","inLanguage":"de","@id":"https:\/\/blueseal-aircurtains.com\/de\/#\/schema\/logo\/image\/","url":"https:\/\/blueseal-aircurtains.com\/wp-content\/uploads\/2024\/07\/blueseal-logo-colored.svg","contentUrl":"https:\/\/blueseal-aircurtains.com\/wp-content\/uploads\/2024\/07\/blueseal-logo-colored.svg","width":240,"height":51,"caption":"BlueSeal air curtains by Brightec BV"},"image":{"@id":"https:\/\/blueseal-aircurtains.com\/de\/#\/schema\/logo\/image\/"},"sameAs":["https:\/\/www.facebook.com\/brightecbv","https:\/\/x.com\/BrightecBv"]},{"@type":"Person","@id":"https:\/\/blueseal-aircurtains.com\/de\/#\/schema\/person\/481bed41a6011e613bf2eb0f774101b4","name":"dev","image":{"@type":"ImageObject","inLanguage":"de","@id":"https:\/\/secure.gravatar.com\/avatar\/4a2b6c480bb3a58fe62c99051c3e1ca9c9c06de8a61eb97fa22ba242a4dc4dea?s=96&d=mm&r=g","url":"https:\/\/secure.gravatar.com\/avatar\/4a2b6c480bb3a58fe62c99051c3e1ca9c9c06de8a61eb97fa22ba242a4dc4dea?s=96&d=mm&r=g","contentUrl":"https:\/\/secure.gravatar.com\/avatar\/4a2b6c480bb3a58fe62c99051c3e1ca9c9c06de8a61eb97fa22ba242a4dc4dea?s=96&d=mm&r=g","caption":"dev"},"url":"https:\/\/blueseal-aircurtains.com\/de\/author\/dev\/"}]}},"_links":{"self":[{"href":"https:\/\/blueseal-aircurtains.com\/de\/wp-json\/wp\/v2\/pages\/1044","targetHints":{"allow":["GET"]}}],"collection":[{"href":"https:\/\/blueseal-aircurtains.com\/de\/wp-json\/wp\/v2\/pages"}],"about":[{"href":"https:\/\/blueseal-aircurtains.com\/de\/wp-json\/wp\/v2\/types\/page"}],"author":[{"embeddable":true,"href":"https:\/\/blueseal-aircurtains.com\/de\/wp-json\/wp\/v2\/users\/2"}],"replies":[{"embeddable":true,"href":"https:\/\/blueseal-aircurtains.com\/de\/wp-json\/wp\/v2\/comments?post=1044"}],"version-history":[{"count":10,"href":"https:\/\/blueseal-aircurtains.com\/de\/wp-json\/wp\/v2\/pages\/1044\/revisions"}],"predecessor-version":[{"id":2506,"href":"https:\/\/blueseal-aircurtains.com\/de\/wp-json\/wp\/v2\/pages\/1044\/revisions\/2506"}],"up":[{"embeddable":true,"href":"https:\/\/blueseal-aircurtains.com\/de\/wp-json\/wp\/v2\/pages\/1068"}],"wp:attachment":[{"href":"https:\/\/blueseal-aircurtains.com\/de\/wp-json\/wp\/v2\/media?parent=1044"}],"curies":[{"name":"wp","href":"https:\/\/api.w.org\/{rel}","templated":true}]}}