{"id":1038,"date":"2024-07-09T08:43:52","date_gmt":"2024-07-09T08:43:52","guid":{"rendered":"https:\/\/blueseal-aircurtains.com\/news"},"modified":"2025-10-27T12:29:01","modified_gmt":"2025-10-27T12:29:01","slug":"news","status":"publish","type":"page","link":"https:\/\/blueseal-aircurtains.com\/de\/news\/","title":{"rendered":"News"},"content":{"rendered":"<div class=\"wpb-content-wrapper\"><p>[vc_row css_animation=&#8220;&#8220; row_type=&#8220;row&#8220; use_row_as_full_screen_section=&#8220;no&#8220; type=&#8220;full_width&#8220; angled_section=&#8220;no&#8220; text_align=&#8220;left&#8220; background_image_as_pattern=&#8220;without_pattern&#8220; z_index=&#8220;&#8220;][vc_column][vc_row_inner row_type=&#8220;row&#8220; type=&#8220;grid&#8220; text_align=&#8220;center&#8220; css_animation=&#8220;&#8220;][vc_column_inner width=&#8220;1\/12&#8243;][\/vc_column_inner][vc_column_inner width=&#8220;10\/12&#8243;][vc_text_separator title=&#8220;Abstand &#8211; L&#8220; border=&#8220;no&#8220; el_class=&#8220;spacing-large&#8220;][vc_column_text css=&#8220;&#8220;]<\/p>\n<h3>News<\/h3>\n<p>[\/vc_column_text][vc_empty_space height=&#8220;30px&#8220;][vc_column_text css=&#8220;&#8220;]<\/p>\n<h2>Bleiben Sie auf dem Laufenden.<\/h2>\n<p>[\/vc_column_text][vc_text_separator title=&#8220;Abstand &#8211; M&#8220; border=&#8220;no&#8220; el_class=&#8220;spacing-medium&#8220;][\/vc_column_inner][vc_column_inner width=&#8220;1\/12&#8243;][\/vc_column_inner][\/vc_row_inner][\/vc_column][\/vc_row][vc_row css_animation=&#8220;&#8220; row_type=&#8220;row&#8220; use_row_as_full_screen_section=&#8220;no&#8220; type=&#8220;grid&#8220; angled_section=&#8220;no&#8220; text_align=&#8220;left&#8220; background_image_as_pattern=&#8220;without_pattern&#8220; z_index=&#8220;&#8220;][vc_column]<div class=\"latest_post_holder boxes three_columns one_row\"><ul class=\"latest-posts-list\"><li class=\"clearfix\"><div class=\"boxes_image\"><a itemprop=\"url\" href=\"https:\/\/blueseal-aircurtains.com\/de\/2026\/04\/30\/thermo-king-publish-blueseal-air-curtain-case-study-with-kuna-foodservice\/\"><img loading=\"lazy\" decoding=\"async\" width=\"539\" height=\"303\" src=\"https:\/\/blueseal-aircurtains.com\/wp-content\/uploads\/2024\/09\/thermoking-539x303.png\" class=\"attachment-latest_post_boxes size-latest_post_boxes wp-post-image\" alt=\"\" \/><\/a><\/div><div class=\"latest_post\"><div class=\"latest_post_text\"><div class=\"latest_post_inner\"><div class=\"latest_post_text_inner\"><span class=\"post_date\"><span>&nbsp;April 30, 2026<\/span><span class=\"post_author\">&nbsp;|&nbsp;joe<\/span><\/span><h4 itemprop=\"name\" class=\"latest_post_title entry_title\"><a itemprop=\"url\" href=\"https:\/\/blueseal-aircurtains.com\/de\/2026\/04\/30\/thermo-king-publish-blueseal-air-curtain-case-study-with-kuna-foodservice\/\">Thermo King publish BlueSeal air curtain case study with KUNA Foodservice<\/a><\/h4><div class=\"post_excerpt\">Thermo King have published a case study for KUNA Foodservice who have praised the benefits of installing BlueSeal in their fleet, including reduced en...<\/div><\/div><\/div><\/div><\/div><\/li><li class=\"clearfix\"><div class=\"boxes_image\"><a itemprop=\"url\" href=\"https:\/\/blueseal-aircurtains.com\/de\/2025\/11\/20\/blueseal-air-curtains-on-display-at-solutrans-2025\/\"><img loading=\"lazy\" decoding=\"async\" width=\"539\" height=\"303\" src=\"https:\/\/blueseal-aircurtains.com\/wp-content\/uploads\/2025\/11\/WhatsApp-Image-2025-11-20-at-15.09.12-539x303.jpeg\" class=\"attachment-latest_post_boxes size-latest_post_boxes wp-post-image\" alt=\"\" \/><\/a><\/div><div class=\"latest_post\"><div class=\"latest_post_text\"><div class=\"latest_post_inner\"><div class=\"latest_post_text_inner\"><span class=\"post_date\"><span>&nbsp;November 20, 2025<\/span><span class=\"post_author\">&nbsp;|&nbsp;joe<\/span><\/span><h4 itemprop=\"name\" class=\"latest_post_title entry_title\"><a itemprop=\"url\" href=\"https:\/\/blueseal-aircurtains.com\/de\/2025\/11\/20\/blueseal-air-curtains-on-display-at-solutrans-2025\/\">BlueSeal air curtains on display at Solutrans 2025<\/a><\/h4><div class=\"post_excerpt\">This week, companies from across Europe are showcasing their latest generation of vehicles at Solutrans Expo in Lyon. Hans, Tom and Carole from BlueSe...<\/div><\/div><\/div><\/div><\/div><\/li><li class=\"clearfix\"><div class=\"boxes_image\"><a itemprop=\"url\" href=\"https:\/\/blueseal-aircurtains.com\/de\/2025\/09\/18\/tcsd-awards-2025-and-the-cold-chain-hub\/\"><img loading=\"lazy\" decoding=\"async\" width=\"539\" height=\"303\" src=\"https:\/\/blueseal-aircurtains.com\/wp-content\/uploads\/2025\/09\/54795366006_b8d52e2f6d_o-539x303.jpg\" class=\"attachment-latest_post_boxes size-latest_post_boxes wp-post-image\" alt=\"rigid of the year award solomon commercials\" \/><\/a><\/div><div class=\"latest_post\"><div class=\"latest_post_text\"><div class=\"latest_post_inner\"><div class=\"latest_post_text_inner\"><span class=\"post_date\"><span>&nbsp;September 18, 2025<\/span><span class=\"post_author\">&nbsp;|&nbsp;joe<\/span><\/span><h4 itemprop=\"name\" class=\"latest_post_title entry_title\"><a itemprop=\"url\" href=\"https:\/\/blueseal-aircurtains.com\/de\/2025\/09\/18\/tcsd-awards-2025-and-the-cold-chain-hub\/\">TCS&#038;D Awards 2025 and The Cold Chain Hub<\/a><\/h4><div class=\"post_excerpt\">This year Team BlueSeal visited the Cold Chain Hub in Birmingham where companies across the UK\u2019s temperature-controlled sector showcased their latest ...<\/div><\/div><\/div><\/div><\/div><\/li><li class=\"clearfix\"><div class=\"boxes_image\"><a itemprop=\"url\" href=\"https:\/\/blueseal-aircurtains.com\/de\/2025\/08\/28\/brightec-verbessert-das-design-des-luftschleier-modells-blueseal-compact\/\"><img loading=\"lazy\" decoding=\"async\" width=\"539\" height=\"303\" src=\"https:\/\/blueseal-aircurtains.com\/wp-content\/uploads\/2024\/11\/Blueseal-6-539x303.jpg\" class=\"attachment-latest_post_boxes size-latest_post_boxes wp-post-image\" alt=\"blueseal air curtain label\" \/><\/a><\/div><div class=\"latest_post\"><div class=\"latest_post_text\"><div class=\"latest_post_inner\"><div class=\"latest_post_text_inner\"><span class=\"post_date\"><span>&nbsp;August 28, 2025<\/span><span class=\"post_author\">&nbsp;|&nbsp;joe<\/span><\/span><h4 itemprop=\"name\" class=\"latest_post_title entry_title\"><a itemprop=\"url\" href=\"https:\/\/blueseal-aircurtains.com\/de\/2025\/08\/28\/brightec-verbessert-das-design-des-luftschleier-modells-blueseal-compact\/\">Brightec verbessert das Design des Luftschleier-Modells \u201eBlueSeal Compact\u201c<\/a><\/h4><div class=\"post_excerpt\">Das Modell \u201eBlueSeal Compact\u201c ist die neueste Generation des beliebten Luftschleiers f\u00fcr Fahrzeuge und wurde j\u00fcngst \u00fcberarbeitet. Die neuen Modelle ze...<\/div><\/div><\/div><\/div><\/div><\/li><li class=\"clearfix\"><div class=\"boxes_image\"><a itemprop=\"url\" href=\"https:\/\/blueseal-aircurtains.com\/de\/2025\/02\/26\/blueseal-air-curtains-introduce-bluecontrol-modular-to-their-range-for-further-enhanced-cargo-climate-control\/\"><img loading=\"lazy\" decoding=\"async\" width=\"539\" height=\"303\" src=\"https:\/\/blueseal-aircurtains.com\/wp-content\/uploads\/2024\/11\/bluecontrol-modular-539x303.jpg\" class=\"attachment-latest_post_boxes size-latest_post_boxes wp-post-image\" alt=\"bluecontrol modular unit for blueseal air curtains\" \/><\/a><\/div><div class=\"latest_post\"><div class=\"latest_post_text\"><div class=\"latest_post_inner\"><div class=\"latest_post_text_inner\"><span class=\"post_date\"><span>&nbsp;Februar 26, 2025<\/span><span class=\"post_author\">&nbsp;|&nbsp;joe<\/span><\/span><h4 itemprop=\"name\" class=\"latest_post_title entry_title\"><a itemprop=\"url\" href=\"https:\/\/blueseal-aircurtains.com\/de\/2025\/02\/26\/blueseal-air-curtains-introduce-bluecontrol-modular-to-their-range-for-further-enhanced-cargo-climate-control\/\">BlueSeal air curtains introduce BlueControl Modular to their range for further enhanced cargo climate control<\/a><\/h4><div class=\"post_excerpt\">BlueSeal air curtains by Brightec are fast becoming one of the most popular ways for transporters in cold chain to preserve cargo temperature during d...<\/div><\/div><\/div><\/div><\/div><\/li><li class=\"clearfix\"><div class=\"boxes_image\"><a itemprop=\"url\" href=\"https:\/\/blueseal-aircurtains.com\/de\/2024\/01\/31\/blueseal-air-curtains-partner-with-thermo-king-for-distribution-in-the-united-states-and-canada\/\"><img loading=\"lazy\" decoding=\"async\" width=\"539\" height=\"303\" src=\"https:\/\/blueseal-aircurtains.com\/wp-content\/uploads\/2024\/07\/blueseal-news_thermoking-539x303.webp\" class=\"attachment-latest_post_boxes size-latest_post_boxes wp-post-image\" alt=\"\" \/><\/a><\/div><div class=\"latest_post\"><div class=\"latest_post_text\"><div class=\"latest_post_inner\"><div class=\"latest_post_text_inner\"><span class=\"post_date\"><span>&nbsp;Januar 31, 2024<\/span><span class=\"post_author\">&nbsp;|&nbsp;dev<\/span><\/span><h4 itemprop=\"name\" class=\"latest_post_title entry_title\"><a itemprop=\"url\" href=\"https:\/\/blueseal-aircurtains.com\/de\/2024\/01\/31\/blueseal-air-curtains-partner-with-thermo-king-for-distribution-in-the-united-states-and-canada\/\">BlueSeal air curtains partner with Thermo King for distribution in the United States and Canada<\/a><\/h4><div class=\"post_excerpt\">BlueSeal air curtains by Brightec have achieved rising prominence in Europe as a choice piece of equipment for food and pharmaceutical distributors to...<\/div><\/div><\/div><\/div><\/div><\/li><li class=\"clearfix\"><div class=\"boxes_image\"><a itemprop=\"url\" href=\"https:\/\/blueseal-aircurtains.com\/de\/2023\/11\/28\/blueseal-air-curtains-featured-at-solutrans-2023\/\"><img loading=\"lazy\" decoding=\"async\" width=\"539\" height=\"303\" src=\"https:\/\/blueseal-aircurtains.com\/wp-content\/uploads\/2024\/07\/blueseal-news_solutrans-2023-539x303.webp\" class=\"attachment-latest_post_boxes size-latest_post_boxes wp-post-image\" alt=\"\" \/><\/a><\/div><div class=\"latest_post\"><div class=\"latest_post_text\"><div class=\"latest_post_inner\"><div class=\"latest_post_text_inner\"><span class=\"post_date\"><span>&nbsp;November 28, 2023<\/span><span class=\"post_author\">&nbsp;|&nbsp;dev<\/span><\/span><h4 itemprop=\"name\" class=\"latest_post_title entry_title\"><a itemprop=\"url\" href=\"https:\/\/blueseal-aircurtains.com\/de\/2023\/11\/28\/blueseal-air-curtains-featured-at-solutrans-2023\/\">BlueSeal air curtains featured at Solutrans 2023<\/a><\/h4><div class=\"post_excerpt\">Last week, BlueSeal attended another busy and successful Solutrans exhibition where leading transport companies came together to celebrate the latest ...<\/div><\/div><\/div><\/div><\/div><\/li><li class=\"clearfix\"><div class=\"boxes_image\"><a itemprop=\"url\" href=\"https:\/\/blueseal-aircurtains.com\/de\/2023\/10\/10\/blueseal-award-rigid-of-the-year-to-solomon-commercials-at-tcsd-awards-2023\/\"><img loading=\"lazy\" decoding=\"async\" width=\"539\" height=\"303\" src=\"https:\/\/blueseal-aircurtains.com\/wp-content\/uploads\/2024\/07\/blueseal-news_rigid-of-the-year-2023-539x303.webp\" class=\"attachment-latest_post_boxes size-latest_post_boxes wp-post-image\" alt=\"\" \/><\/a><\/div><div class=\"latest_post\"><div class=\"latest_post_text\"><div class=\"latest_post_inner\"><div class=\"latest_post_text_inner\"><span class=\"post_date\"><span>&nbsp;Oktober 10, 2023<\/span><span class=\"post_author\">&nbsp;|&nbsp;dev<\/span><\/span><h4 itemprop=\"name\" class=\"latest_post_title entry_title\"><a itemprop=\"url\" href=\"https:\/\/blueseal-aircurtains.com\/de\/2023\/10\/10\/blueseal-award-rigid-of-the-year-to-solomon-commercials-at-tcsd-awards-2023\/\">BlueSeal award \u201cRigid of the Year\u201d to Solomon Commercials at TCS&amp;D Awards 2023<\/a><\/h4><div class=\"post_excerpt\">BlueSeal air curtains have sponsored the much coveted \u201cRigid of the Year\u201d award at the Temperature Controlled Storage and Distribution Awards for our ...<\/div><\/div><\/div><\/div><\/div><\/li><li class=\"clearfix\"><div class=\"boxes_image\"><a itemprop=\"url\" href=\"https:\/\/blueseal-aircurtains.com\/de\/2023\/08\/16\/blueseal-air-curtains-sponsor-26th-international-congress-of-refrigeration\/\"><img loading=\"lazy\" decoding=\"async\" width=\"539\" height=\"303\" src=\"https:\/\/blueseal-aircurtains.com\/wp-content\/uploads\/2024\/07\/blueseal-news_Congress-of-Refrigeration-539x303.webp\" class=\"attachment-latest_post_boxes size-latest_post_boxes wp-post-image\" alt=\"\" \/><\/a><\/div><div class=\"latest_post\"><div class=\"latest_post_text\"><div class=\"latest_post_inner\"><div class=\"latest_post_text_inner\"><span class=\"post_date\"><span>&nbsp;August 16, 2023<\/span><span class=\"post_author\">&nbsp;|&nbsp;dev<\/span><\/span><h4 itemprop=\"name\" class=\"latest_post_title entry_title\"><a itemprop=\"url\" href=\"https:\/\/blueseal-aircurtains.com\/de\/2023\/08\/16\/blueseal-air-curtains-sponsor-26th-international-congress-of-refrigeration\/\">BlueSeal air curtains sponsor 26th International Congress of Refrigeration<\/a><\/h4><div class=\"post_excerpt\">BlueSeal air curtains are sponsoring this year\u2019s International Congress of Refrigeration (ICR) on the 21st \u2013 25th August in Paris. The event is held e...<\/div><\/div><\/div><\/div><\/div><\/li><\/ul><\/div><div style=\"text-align: center\"><button id=\"load-more\" data-language=\"de\" class=\"qbutton default gradient-magenta\" data-posts=\"9\" data-offset=\"9\" data-total=\"16\" data-category=\"News\">load more<\/button><\/div>[vc_text_separator title=&#8220;Abstand &#8211; L&#8220; border=&#8220;no&#8220; el_class=&#8220;spacing-large&#8220;][\/vc_column][\/vc_row]<\/p>\n<\/div>","protected":false},"excerpt":{"rendered":"<p>[vc_row css_animation=&#8220;&#8220; row_type=&#8220;row&#8220; use_row_as_full_screen_section=&#8220;no&#8220; type=&#8220;full_width&#8220; angled_section=&#8220;no&#8220; text_align=&#8220;left&#8220; background_image_as_pattern=&#8220;without_pattern&#8220; z_index=&#8220;&#8220;][vc_column][vc_row_inner row_type=&#8220;row&#8220; type=&#8220;grid&#8220; text_align=&#8220;center&#8220; css_animation=&#8220;&#8220;][vc_column_inner width=&#8220;1\/12&#8243;][\/vc_column_inner][vc_column_inner width=&#8220;10\/12&#8243;][vc_text_separator title=&#8220;Abstand &#8211; L&#8220; border=&#8220;no&#8220; el_class=&#8220;spacing-large&#8220;][vc_column_text css=&#8220;&#8220;] News [\/vc_column_text][vc_empty_space height=&#8220;30px&#8220;][vc_column_text css=&#8220;&#8220;] Bleiben Sie auf dem Laufenden. [\/vc_column_text][vc_text_separator title=&#8220;Abstand &#8211; M&#8220; border=&#8220;no&#8220; el_class=&#8220;spacing-medium&#8220;][\/vc_column_inner][vc_column_inner width=&#8220;1\/12&#8243;][\/vc_column_inner][\/vc_row_inner][\/vc_column][\/vc_row][vc_row css_animation=&#8220;&#8220; row_type=&#8220;row&#8220; use_row_as_full_screen_section=&#8220;no&#8220; type=&#8220;grid&#8220; angled_section=&#8220;no&#8220; text_align=&#8220;left&#8220; background_image_as_pattern=&#8220;without_pattern&#8220; z_index=&#8220;&#8220;][vc_column][vc_text_separator&#8230;<\/p>\n","protected":false},"author":2,"featured_media":0,"parent":0,"menu_order":0,"comment_status":"closed","ping_status":"closed","template":"full_width.php","meta":{"inline_featured_image":false,"footnotes":""},"class_list":["post-1038","page","type-page","status-publish","hentry"],"acf":[],"yoast_head":"<!-- This site is optimized with the Yoast SEO plugin v27.5 - https:\/\/yoast.com\/product\/yoast-seo-wordpress\/ -->\n<title>BlueSeal Luftschleier: News &amp; Updates<\/title>\n<meta name=\"description\" content=\"Lesen Sie die neuesten Nachrichten von BlueSeal Luftschleiern. Erhalten Sie Updates zu Produkteinf\u00fchrungen, Branchenveranstaltungen und Partnerschaften.\" \/>\n<meta name=\"robots\" content=\"index, follow, max-snippet:-1, max-image-preview:large, max-video-preview:-1\" \/>\n<link rel=\"canonical\" href=\"https:\/\/blueseal-aircurtains.com\/de\/news\/\" \/>\n<meta property=\"og:locale\" content=\"de_DE\" \/>\n<meta property=\"og:type\" content=\"article\" \/>\n<meta property=\"og:title\" content=\"BlueSeal Luftschleier: News &amp; Updates\" \/>\n<meta property=\"og:description\" content=\"Lesen Sie die neuesten Nachrichten von BlueSeal Luftschleiern. Erhalten Sie Updates zu Produkteinf\u00fchrungen, Branchenveranstaltungen und Partnerschaften.\" \/>\n<meta property=\"og:url\" content=\"https:\/\/blueseal-aircurtains.com\/de\/news\/\" \/>\n<meta property=\"og:site_name\" content=\"BlueSeal air curtains by Brightec BV\" \/>\n<meta property=\"article:publisher\" content=\"https:\/\/www.facebook.com\/brightecbv\" \/>\n<meta property=\"article:modified_time\" content=\"2025-10-27T12:29:01+00:00\" \/>\n<meta property=\"og:image\" content=\"https:\/\/blueseal-aircurtains.com\/wp-content\/uploads\/2024\/11\/blueseal-compact.jpg\" \/>\n\t<meta property=\"og:image:width\" content=\"1920\" \/>\n\t<meta property=\"og:image:height\" content=\"1080\" \/>\n\t<meta property=\"og:image:type\" content=\"image\/jpeg\" \/>\n<meta name=\"twitter:card\" content=\"summary_large_image\" \/>\n<meta name=\"twitter:site\" content=\"@BrightecBv\" \/>\n<meta name=\"twitter:label1\" content=\"Gesch\u00e4tzte Lesezeit\" \/>\n\t<meta name=\"twitter:data1\" content=\"1\u00a0Minute\" \/>\n<script type=\"application\/ld+json\" class=\"yoast-schema-graph\">{\"@context\":\"https:\\\/\\\/schema.org\",\"@graph\":[{\"@type\":\"NewsArticle\",\"@id\":\"https:\\\/\\\/blueseal-aircurtains.com\\\/de\\\/news\\\/#article\",\"isPartOf\":{\"@id\":\"https:\\\/\\\/blueseal-aircurtains.com\\\/de\\\/news\\\/\"},\"author\":{\"name\":\"dev\",\"@id\":\"https:\\\/\\\/blueseal-aircurtains.com\\\/de\\\/#\\\/schema\\\/person\\\/481bed41a6011e613bf2eb0f774101b4\"},\"headline\":\"News\",\"datePublished\":\"2024-07-09T08:43:52+00:00\",\"dateModified\":\"2025-10-27T12:29:01+00:00\",\"mainEntityOfPage\":{\"@id\":\"https:\\\/\\\/blueseal-aircurtains.com\\\/de\\\/news\\\/\"},\"wordCount\":179,\"publisher\":{\"@id\":\"https:\\\/\\\/blueseal-aircurtains.com\\\/de\\\/#organization\"},\"inLanguage\":\"de\"},{\"@type\":\"WebPage\",\"@id\":\"https:\\\/\\\/blueseal-aircurtains.com\\\/de\\\/news\\\/\",\"url\":\"https:\\\/\\\/blueseal-aircurtains.com\\\/de\\\/news\\\/\",\"name\":\"BlueSeal Luftschleier: News & Updates\",\"isPartOf\":{\"@id\":\"https:\\\/\\\/blueseal-aircurtains.com\\\/de\\\/#website\"},\"datePublished\":\"2024-07-09T08:43:52+00:00\",\"dateModified\":\"2025-10-27T12:29:01+00:00\",\"description\":\"Lesen Sie die neuesten Nachrichten von BlueSeal Luftschleiern. Erhalten Sie Updates zu Produkteinf\u00fchrungen, Branchenveranstaltungen und Partnerschaften.\",\"breadcrumb\":{\"@id\":\"https:\\\/\\\/blueseal-aircurtains.com\\\/de\\\/news\\\/#breadcrumb\"},\"inLanguage\":\"de\",\"potentialAction\":[{\"@type\":\"ReadAction\",\"target\":[\"https:\\\/\\\/blueseal-aircurtains.com\\\/de\\\/news\\\/\"]}]},{\"@type\":\"BreadcrumbList\",\"@id\":\"https:\\\/\\\/blueseal-aircurtains.com\\\/de\\\/news\\\/#breadcrumb\",\"itemListElement\":[{\"@type\":\"ListItem\",\"position\":1,\"name\":\"Home\",\"item\":\"https:\\\/\\\/blueseal-aircurtains.com\\\/de\\\/\"},{\"@type\":\"ListItem\",\"position\":2,\"name\":\"News\"}]},{\"@type\":\"WebSite\",\"@id\":\"https:\\\/\\\/blueseal-aircurtains.com\\\/de\\\/#website\",\"url\":\"https:\\\/\\\/blueseal-aircurtains.com\\\/de\\\/\",\"name\":\"BlueSeal air curtains by Brightec BV\",\"description\":\"Air curtains for temperature controlled transport\",\"publisher\":{\"@id\":\"https:\\\/\\\/blueseal-aircurtains.com\\\/de\\\/#organization\"},\"alternateName\":\"Brightec B.V.\",\"potentialAction\":[{\"@type\":\"SearchAction\",\"target\":{\"@type\":\"EntryPoint\",\"urlTemplate\":\"https:\\\/\\\/blueseal-aircurtains.com\\\/de\\\/?s={search_term_string}\"},\"query-input\":{\"@type\":\"PropertyValueSpecification\",\"valueRequired\":true,\"valueName\":\"search_term_string\"}}],\"inLanguage\":\"de\"},{\"@type\":\"Organization\",\"@id\":\"https:\\\/\\\/blueseal-aircurtains.com\\\/de\\\/#organization\",\"name\":\"BlueSeal air curtains by Brightec BV\",\"alternateName\":\"Brightec B.V.\",\"url\":\"https:\\\/\\\/blueseal-aircurtains.com\\\/de\\\/\",\"logo\":{\"@type\":\"ImageObject\",\"inLanguage\":\"de\",\"@id\":\"https:\\\/\\\/blueseal-aircurtains.com\\\/de\\\/#\\\/schema\\\/logo\\\/image\\\/\",\"url\":\"https:\\\/\\\/blueseal-aircurtains.com\\\/wp-content\\\/uploads\\\/2024\\\/07\\\/blueseal-logo-colored.svg\",\"contentUrl\":\"https:\\\/\\\/blueseal-aircurtains.com\\\/wp-content\\\/uploads\\\/2024\\\/07\\\/blueseal-logo-colored.svg\",\"width\":240,\"height\":51,\"caption\":\"BlueSeal air curtains by Brightec BV\"},\"image\":{\"@id\":\"https:\\\/\\\/blueseal-aircurtains.com\\\/de\\\/#\\\/schema\\\/logo\\\/image\\\/\"},\"sameAs\":[\"https:\\\/\\\/www.facebook.com\\\/brightecbv\",\"https:\\\/\\\/x.com\\\/BrightecBv\"]},{\"@type\":\"Person\",\"@id\":\"https:\\\/\\\/blueseal-aircurtains.com\\\/de\\\/#\\\/schema\\\/person\\\/481bed41a6011e613bf2eb0f774101b4\",\"name\":\"dev\",\"image\":{\"@type\":\"ImageObject\",\"inLanguage\":\"de\",\"@id\":\"https:\\\/\\\/secure.gravatar.com\\\/avatar\\\/4a2b6c480bb3a58fe62c99051c3e1ca9c9c06de8a61eb97fa22ba242a4dc4dea?s=96&d=mm&r=g\",\"url\":\"https:\\\/\\\/secure.gravatar.com\\\/avatar\\\/4a2b6c480bb3a58fe62c99051c3e1ca9c9c06de8a61eb97fa22ba242a4dc4dea?s=96&d=mm&r=g\",\"contentUrl\":\"https:\\\/\\\/secure.gravatar.com\\\/avatar\\\/4a2b6c480bb3a58fe62c99051c3e1ca9c9c06de8a61eb97fa22ba242a4dc4dea?s=96&d=mm&r=g\",\"caption\":\"dev\"},\"url\":\"https:\\\/\\\/blueseal-aircurtains.com\\\/de\\\/author\\\/dev\\\/\"}]}<\/script>\n<!-- \/ Yoast SEO plugin. -->","yoast_head_json":{"title":"BlueSeal Luftschleier: News & Updates","description":"Lesen Sie die neuesten Nachrichten von BlueSeal Luftschleiern. Erhalten Sie Updates zu Produkteinf\u00fchrungen, Branchenveranstaltungen und Partnerschaften.","robots":{"index":"index","follow":"follow","max-snippet":"max-snippet:-1","max-image-preview":"max-image-preview:large","max-video-preview":"max-video-preview:-1"},"canonical":"https:\/\/blueseal-aircurtains.com\/de\/news\/","og_locale":"de_DE","og_type":"article","og_title":"BlueSeal Luftschleier: News & Updates","og_description":"Lesen Sie die neuesten Nachrichten von BlueSeal Luftschleiern. Erhalten Sie Updates zu Produkteinf\u00fchrungen, Branchenveranstaltungen und Partnerschaften.","og_url":"https:\/\/blueseal-aircurtains.com\/de\/news\/","og_site_name":"BlueSeal air curtains by Brightec BV","article_publisher":"https:\/\/www.facebook.com\/brightecbv","article_modified_time":"2025-10-27T12:29:01+00:00","og_image":[{"width":1920,"height":1080,"url":"https:\/\/blueseal-aircurtains.com\/wp-content\/uploads\/2024\/11\/blueseal-compact.jpg","type":"image\/jpeg"}],"twitter_card":"summary_large_image","twitter_site":"@BrightecBv","twitter_misc":{"Gesch\u00e4tzte Lesezeit":"1\u00a0Minute"},"schema":{"@context":"https:\/\/schema.org","@graph":[{"@type":"NewsArticle","@id":"https:\/\/blueseal-aircurtains.com\/de\/news\/#article","isPartOf":{"@id":"https:\/\/blueseal-aircurtains.com\/de\/news\/"},"author":{"name":"dev","@id":"https:\/\/blueseal-aircurtains.com\/de\/#\/schema\/person\/481bed41a6011e613bf2eb0f774101b4"},"headline":"News","datePublished":"2024-07-09T08:43:52+00:00","dateModified":"2025-10-27T12:29:01+00:00","mainEntityOfPage":{"@id":"https:\/\/blueseal-aircurtains.com\/de\/news\/"},"wordCount":179,"publisher":{"@id":"https:\/\/blueseal-aircurtains.com\/de\/#organization"},"inLanguage":"de"},{"@type":"WebPage","@id":"https:\/\/blueseal-aircurtains.com\/de\/news\/","url":"https:\/\/blueseal-aircurtains.com\/de\/news\/","name":"BlueSeal Luftschleier: News & Updates","isPartOf":{"@id":"https:\/\/blueseal-aircurtains.com\/de\/#website"},"datePublished":"2024-07-09T08:43:52+00:00","dateModified":"2025-10-27T12:29:01+00:00","description":"Lesen Sie die neuesten Nachrichten von BlueSeal Luftschleiern. Erhalten Sie Updates zu Produkteinf\u00fchrungen, Branchenveranstaltungen und Partnerschaften.","breadcrumb":{"@id":"https:\/\/blueseal-aircurtains.com\/de\/news\/#breadcrumb"},"inLanguage":"de","potentialAction":[{"@type":"ReadAction","target":["https:\/\/blueseal-aircurtains.com\/de\/news\/"]}]},{"@type":"BreadcrumbList","@id":"https:\/\/blueseal-aircurtains.com\/de\/news\/#breadcrumb","itemListElement":[{"@type":"ListItem","position":1,"name":"Home","item":"https:\/\/blueseal-aircurtains.com\/de\/"},{"@type":"ListItem","position":2,"name":"News"}]},{"@type":"WebSite","@id":"https:\/\/blueseal-aircurtains.com\/de\/#website","url":"https:\/\/blueseal-aircurtains.com\/de\/","name":"BlueSeal air curtains by Brightec BV","description":"Air curtains for temperature controlled transport","publisher":{"@id":"https:\/\/blueseal-aircurtains.com\/de\/#organization"},"alternateName":"Brightec B.V.","potentialAction":[{"@type":"SearchAction","target":{"@type":"EntryPoint","urlTemplate":"https:\/\/blueseal-aircurtains.com\/de\/?s={search_term_string}"},"query-input":{"@type":"PropertyValueSpecification","valueRequired":true,"valueName":"search_term_string"}}],"inLanguage":"de"},{"@type":"Organization","@id":"https:\/\/blueseal-aircurtains.com\/de\/#organization","name":"BlueSeal air curtains by Brightec BV","alternateName":"Brightec B.V.","url":"https:\/\/blueseal-aircurtains.com\/de\/","logo":{"@type":"ImageObject","inLanguage":"de","@id":"https:\/\/blueseal-aircurtains.com\/de\/#\/schema\/logo\/image\/","url":"https:\/\/blueseal-aircurtains.com\/wp-content\/uploads\/2024\/07\/blueseal-logo-colored.svg","contentUrl":"https:\/\/blueseal-aircurtains.com\/wp-content\/uploads\/2024\/07\/blueseal-logo-colored.svg","width":240,"height":51,"caption":"BlueSeal air curtains by Brightec BV"},"image":{"@id":"https:\/\/blueseal-aircurtains.com\/de\/#\/schema\/logo\/image\/"},"sameAs":["https:\/\/www.facebook.com\/brightecbv","https:\/\/x.com\/BrightecBv"]},{"@type":"Person","@id":"https:\/\/blueseal-aircurtains.com\/de\/#\/schema\/person\/481bed41a6011e613bf2eb0f774101b4","name":"dev","image":{"@type":"ImageObject","inLanguage":"de","@id":"https:\/\/secure.gravatar.com\/avatar\/4a2b6c480bb3a58fe62c99051c3e1ca9c9c06de8a61eb97fa22ba242a4dc4dea?s=96&d=mm&r=g","url":"https:\/\/secure.gravatar.com\/avatar\/4a2b6c480bb3a58fe62c99051c3e1ca9c9c06de8a61eb97fa22ba242a4dc4dea?s=96&d=mm&r=g","contentUrl":"https:\/\/secure.gravatar.com\/avatar\/4a2b6c480bb3a58fe62c99051c3e1ca9c9c06de8a61eb97fa22ba242a4dc4dea?s=96&d=mm&r=g","caption":"dev"},"url":"https:\/\/blueseal-aircurtains.com\/de\/author\/dev\/"}]}},"_links":{"self":[{"href":"https:\/\/blueseal-aircurtains.com\/de\/wp-json\/wp\/v2\/pages\/1038","targetHints":{"allow":["GET"]}}],"collection":[{"href":"https:\/\/blueseal-aircurtains.com\/de\/wp-json\/wp\/v2\/pages"}],"about":[{"href":"https:\/\/blueseal-aircurtains.com\/de\/wp-json\/wp\/v2\/types\/page"}],"author":[{"embeddable":true,"href":"https:\/\/blueseal-aircurtains.com\/de\/wp-json\/wp\/v2\/users\/2"}],"replies":[{"embeddable":true,"href":"https:\/\/blueseal-aircurtains.com\/de\/wp-json\/wp\/v2\/comments?post=1038"}],"version-history":[{"count":4,"href":"https:\/\/blueseal-aircurtains.com\/de\/wp-json\/wp\/v2\/pages\/1038\/revisions"}],"predecessor-version":[{"id":4243,"href":"https:\/\/blueseal-aircurtains.com\/de\/wp-json\/wp\/v2\/pages\/1038\/revisions\/4243"}],"wp:attachment":[{"href":"https:\/\/blueseal-aircurtains.com\/de\/wp-json\/wp\/v2\/media?parent=1038"}],"curies":[{"name":"wp","href":"https:\/\/api.w.org\/{rel}","templated":true}]}}